{"id":1631,"date":"2025-11-16T12:42:04","date_gmt":"2025-11-16T09:42:04","guid":{"rendered":"https:\/\/mimyap.popup.com.tr\/?page_id=1631"},"modified":"2025-11-18T21:26:29","modified_gmt":"2025-11-18T18:26:29","slug":"baraj-teknolojileri","status":"publish","type":"page","link":"https:\/\/mimyapcontracting.com\/tr\/baraj-teknolojileri\/","title":{"rendered":"Baraj Teknolojileri"},"content":{"rendered":"<div class=\"wpb-content-wrapper\"><p>[vc_section section_style=&#8221;shape-1&#8243; css=&#8221;.vc_custom_1763208730897{padding-top: 150px !important;background-color: #FFFFFF !important;}&#8221;][vc_row content_placement=&#8221;bottom&#8221; css=&#8221;.vc_custom_1575014741811{margin-bottom: 35px !important;}&#8221;][vc_column width=&#8221;1\/2&#8243;][vc_custom_heading text=&#8221;Emsallerine ilham vermi\u015f,<br \/>\n<strong>T\u00fcrkiye&#8217;nin ilk patentli beton fini\u015feri<\/strong>&#8221; font_container=&#8221;tag:div|font_size:40px|text_align:left|color:%230A6DA4|line_height:44px&#8221; use_theme_fonts=&#8221;yes&#8221; css=&#8221;&#8221;][vc_empty_space height=&#8221;20px&#8221;][\/vc_column][vc_column width=&#8221;1\/12&#8243;][\/vc_column][vc_column width=&#8221;1\/3&#8243;][vc_column_text css=&#8221;&#8221;]Gen\u00e7 ve dinamik kadrosu ile Mimyap; \u00fcretim yapmas\u0131n\u0131n yan\u0131 s\u0131ra anahtar teslimi projelendirme ve taahh\u00fct i\u015flerinde hizmetlerini y\u00fcr\u00fctmektedir.[\/vc_column_text][vc_empty_space height=&#8221;25px&#8221;][\/vc_column][vc_column width=&#8221;1\/12&#8243;][\/vc_column][\/vc_row][vc_row][vc_column][vc_wp_custommenu nav_menu=&#8221;80&#8243; el_class=&#8221;columns-4&#8243;][vc_empty_space height=&#8221;30px&#8221;][\/vc_column][\/vc_row][vc_row][vc_column][vc_raw_html css=&#8221;&#8221;]JTNDZGl2JTIwY2xhc3MlM0QlMjJtaW0tdmlkZW8tc2VjdGlvbiUyMiUzRSUwQSUyMCUyMCUzQ2RpdiUyMGNsYXNzJTNEJTIybWltLXZpZGVvLXdyYXBwZXIlMjIlMjBkYXRhLXlvdXR1YmUtaWQlM0QlMjJjWEVCTjRfT2N4QSUyMiUzRSUwQSUyMCUyMCUyMCUyMCUzQ2RpdiUyMGNsYXNzJTNEJTIybWltLXZpZGVvLW92ZXJsYXklMjIlM0UlMEElMjAlMjAlMjAlMjAlMjAlMjAlM0NidXR0b24lMjBjbGFzcyUzRCUyMm1pbS12aWRlby1wbGF5JTIyJTIwYXJpYS1sYWJlbCUzRCUyMlZpZGVveXUlMjBveW5hdCUyMiUzRSUzQyUyRmJ1dHRvbiUzRSUwQSUyMCUyMCUyMCUyMCUzQyUyRmRpdiUzRSUwQSUyMCUyMCUzQyUyRmRpdiUzRSUwQSUzQyUyRmRpdiUzRQ==[\/vc_raw_html][\/vc_column][\/vc_row][\/vc_section][vc_section el_id=&#8221;baraj-nedir&#8221;][vc_row][vc_column][vc_empty_space height=&#8221;70px&#8221;][vc_custom_heading text=&#8221;Baraj; i\u00e7me ve sulama suyu sa\u011flamak veya elektrik enerjisi elde etmek amac\u0131yla bir nehirdeki ak\u0131\u015f halindeki suyu biriktirmek veya derlemek amac\u0131yla yap\u0131lan b\u00fcy\u00fck yap\u0131lard\u0131r.&#8221; font_container=&#8221;tag:h2|font_size:34px|text_align:center|color:%230A6DA4|line_height:34px&#8221; use_theme_fonts=&#8221;yes&#8221; css=&#8221;&#8221;][vc_empty_space height=&#8221;70px&#8221;][\/vc_column][\/vc_row][vc_row content_placement=&#8221;top&#8221;][vc_column]<ul class=\"iconlist iconlist iconlist-icon-large columns-3\"><li ><div class=\"iconlist-item-icon\"><\/div><div class=\"iconlist-item-content\">\n<h3 style=\"color: #006ea8\">Beton Barajlar<\/h3>\n<p>\u2022 Beton a\u011f\u0131rl\u0131k barajlar\u0131<br \/>\n\u2022 Kemer barajlar<br \/>\n\u2022 SSB (Silindirle s\u0131k\u0131\u015ft\u0131r\u0131lm\u0131\u015f beton barajlar)<br \/>\n\u2022 Payandal\u0131 beton barajlar<\/p>\n<p>Beton a\u011f\u0131rl\u0131k barajlar, g\u00f6vdesinin a\u011f\u0131rl\u0131\u011f\u0131 ile tasar\u0131m y\u00fcklerini kar\u015f\u0131layan barajlard\u0131r.<\/div><\/li><li ><div class=\"iconlist-item-icon\"><\/div><div class=\"iconlist-item-content\">\n<h3 style=\"color: #006ea8\">Dolgu Barajlar<\/h3>\n<p>\u2022 Kil \u00e7ekirdekli kaya dolgu barajlar<br \/>\n\u2022 \u00d6n y\u00fcz\u00fc beton kapl\u0131 barajlar<br \/>\n\u2022 \u00d6n y\u00fcz\u00fc membran kapl\u0131 barajlar<\/p>\n<p>Dolgu barajlarda en \u00f6nemli konu s\u0131zd\u0131rmazl\u0131k ve dayan\u0131md\u0131r. \u00dclkemizdeki en yayg\u0131n y\u00f6ntem, baraj g\u00f6vdesinde kil \u00e7ekirdek uygulanarak s\u0131zd\u0131rmazl\u0131\u011f\u0131n sa\u011flanmas\u0131d\u0131r. Beton barajlara g\u00f6re daha az maliyetli yap\u0131lard\u0131r.<\/div><\/li><li ><div class=\"iconlist-item-icon\"><\/div><div class=\"iconlist-item-content\">\n<h3 style=\"color: #006ea8\">\u00d6n Y\u00fcz\u00fc Beton Kapl\u0131 Barajlar<\/h3>\n<p>\u00d6n y\u00fcz\u00fc beton kapl\u0131 barajlar (\u00d6YBKB); memba y\u00fcz\u00fcnde s\u0131zd\u0131rmazl\u0131k amac\u0131yla beton tabaka bulunan kil \u00e7ekirdek i\u00e7ermeyen kaya dolgu veya kum-\u00e7ak\u0131l dolgu barajlar\u0131d\u0131r.<\/p>\n<p><img loading=\"lazy\" decoding=\"async\" class=\"alignnone wp-image-1656 size-full\" src=\"https:\/\/mimyapcontracting.com\/wp-content\/uploads\/2025\/11\/oybkb.webp\" alt=\"\" width=\"1720\" height=\"754\" srcset=\"https:\/\/mimyapcontracting.com\/wp-content\/uploads\/2025\/11\/oybkb.webp 1720w, https:\/\/mimyapcontracting.com\/wp-content\/uploads\/2025\/11\/oybkb-300x132.webp 300w, https:\/\/mimyapcontracting.com\/wp-content\/uploads\/2025\/11\/oybkb-1024x449.webp 1024w, https:\/\/mimyapcontracting.com\/wp-content\/uploads\/2025\/11\/oybkb-768x337.webp 768w, https:\/\/mimyapcontracting.com\/wp-content\/uploads\/2025\/11\/oybkb-1536x673.webp 1536w\" sizes=\"auto, (max-width: 1720px) 100vw, 1720px\" \/><\/div><\/li><\/ul>[\/vc_column][\/vc_row][vc_row content_placement=&#8221;bottom&#8221; css=&#8221;.vc_custom_1583551684542{margin-bottom: 25px !important;}&#8221;][vc_column][vc_images_carousel images=&#8221;1676,1677,1678,1679,1680,1681,1682&#8243; img_size=&#8221;full&#8221; onclick=&#8221;link_no&#8221; slides_per_view=&#8221;3&#8243; wrap=&#8221;yes&#8221; css=&#8221;&#8221;][\/vc_column][\/vc_row][\/vc_section][vc_section el_id=&#8221;oybkb&#8221; css=&#8221;.vc_custom_1763490373962{padding-top: 30px !important;}&#8221;][vc_row][vc_column][vc_custom_heading text=&#8221;\u00d6n Y\u00fcz\u00fc <strong>Beton Kapl\u0131 Barajlar<\/strong>&#8221; font_container=&#8221;tag:div|font_size:48px|text_align:center|color:%230A6DA4|line_height:48px&#8221; use_theme_fonts=&#8221;yes&#8221; css=&#8221;&#8221;][vc_empty_space height=&#8221;70px&#8221;][\/vc_column][\/vc_row][vc_row content_placement=&#8221;top&#8221;][vc_column]<ul class=\"iconlist iconlist iconlist-icon-large columns-2\"><li ><div class=\"iconlist-item-icon\"><\/div><div class=\"iconlist-item-content\">\n<h3 style=\"color: #006ea8\">Neden \u00f6n y\u00fcz\u00fc beton kapl\u0131 barajlar?<\/h3>\n<p>\u2022 Daha d\u00fc\u015f\u00fck maliyetlidir<br \/>\n\u2022 Daha k\u0131sa s\u00fcrede imal edilir<br \/>\n\u2022 Kil malzemesinin, baraj b\u00f6lgesine yak\u0131n bulunmad\u0131\u011f\u0131 durumlarda<br \/>\n\u2022 Depreme kar\u015f\u0131 dayan\u0131kl\u0131<br \/>\n\u2022 Her t\u00fcrl\u00fc ge\u00e7irimli &#8211; yar\u0131 ge\u00e7irimli malzemelerin kullan\u0131labilme<\/p>\n<p>Beton \u00fcst kotuna g\u00f6re ayarlan\u0131r ve bu kota g\u00f6re betonu d\u00f6ker.<\/div><\/li><li ><div class=\"iconlist-item-icon\"><\/div><div class=\"iconlist-item-content\"><img loading=\"lazy\" decoding=\"async\" class=\"alignnone wp-image-1656 size-full\" src=\"https:\/\/mimyapcontracting.com\/wp-content\/uploads\/2025\/11\/oybkb.webp\" alt=\"\" width=\"1720\" height=\"754\" srcset=\"https:\/\/mimyapcontracting.com\/wp-content\/uploads\/2025\/11\/oybkb.webp 1720w, https:\/\/mimyapcontracting.com\/wp-content\/uploads\/2025\/11\/oybkb-300x132.webp 300w, https:\/\/mimyapcontracting.com\/wp-content\/uploads\/2025\/11\/oybkb-1024x449.webp 1024w, https:\/\/mimyapcontracting.com\/wp-content\/uploads\/2025\/11\/oybkb-768x337.webp 768w, https:\/\/mimyapcontracting.com\/wp-content\/uploads\/2025\/11\/oybkb-1536x673.webp 1536w\" sizes=\"auto, (max-width: 1720px) 100vw, 1720px\" \/><\/div><\/li><\/ul>[\/vc_column][\/vc_row][\/vc_section][vc_section el_id=&#8221;beton-dokumu&#8221; css=&#8221;.vc_custom_1763490381173{padding-top: 30px !important;}&#8221;][vc_row][vc_column][vc_custom_heading text=&#8221;Fini\u015fer ile <strong>Beton D\u00f6k\u00fcm\u00fc<\/strong>&#8221; font_container=&#8221;tag:div|font_size:48px|text_align:center|color:%230A6DA4|line_height:48px&#8221; use_theme_fonts=&#8221;yes&#8221; css=&#8221;&#8221;][vc_empty_space height=&#8221;30px&#8221;][vc_column_text css=&#8221;&#8221;]<\/p>\n<p style=\"font-size: 21px; line-height: 26px; font-weight: 400;\">Fini\u015fer mastar\u0131 2 metre uzunlu\u011funda ve 15 metre geni\u015fli\u011findedir. Geni\u015fli\u011fi ana geni\u015fli\u011fine g\u00f6re ayarlanm\u0131\u015ft\u0131r. Beton d\u00f6k\u00fcm\u00fcnde fini\u015fe mastar\u0131n\u0131n 3 g\u00f6revi vard\u0131r.<\/p>\n<p>[\/vc_column_text][vc_empty_space height=&#8221;70px&#8221;][\/vc_column][\/vc_row][vc_row content_placement=&#8221;top&#8221;][vc_column]<ul class=\"iconlist iconlist iconlist-icon-large columns-3\"><li ><div class=\"iconlist-item-icon\"><\/div><div class=\"iconlist-item-content\">Beton \u00fcst kotuna g\u00f6re ayarlan\u0131r ve bu kota g\u00f6re betonu d\u00f6ker.<\/div><\/li><li ><div class=\"iconlist-item-icon\"><\/div><div class=\"iconlist-item-content\">Kendi a\u011f\u0131rl\u0131yla d\u00f6k\u00fclen betonun perdahlama i\u015flemini yapmak.<\/div><\/li><li ><div class=\"iconlist-item-icon\"><\/div><div class=\"iconlist-item-content\">E\u011fimli y\u00fczeyde beton ak\u0131\u015fkanl\u0131\u011f\u0131n\u0131 kaybedip durabilitesini kazanana kadar kal\u0131p g\u00f6revi yapar ve yava\u015f\u00e7a yukar\u0131 \u00e7ekilir. Bu nedenle fini\u015flerin beton d\u00f6k\u00fcm h\u0131z\u0131 yava\u015ft\u0131r.<\/div><\/li><\/ul>[\/vc_column][\/vc_row][\/vc_section][vc_section el_id=&#8221;teknik-ozellikler&#8221; css=&#8221;.vc_custom_1763490386992{padding-top: 30px !important;}&#8221;][vc_row][vc_column][vc_custom_heading text=&#8221;Fini\u015ferin <strong>Teknik \u00d6zellikleri<\/strong>&#8221; font_container=&#8221;tag:div|font_size:48px|text_align:center|color:%230A6DA4|line_height:48px&#8221; use_theme_fonts=&#8221;yes&#8221; css=&#8221;&#8221;][vc_empty_space height=&#8221;70px&#8221;][\/vc_column][\/vc_row][vc_row content_placement=&#8221;top&#8221;][vc_column][vc_single_image image=&#8221;1701&#8243; img_size=&#8221;full&#8221; alignment=&#8221;center&#8221; css=&#8221;&#8221;][\/vc_column][\/vc_row][\/vc_section][vc_row][vc_column][vc_single_image image=&#8221;2031&#8243; img_size=&#8221;full&#8221; alignment=&#8221;center&#8221;][\/vc_column][\/vc_row]<\/p>\n<\/div>","protected":false},"excerpt":{"rendered":"<p>[vc_section section_style=&#8221;shape-1&#8243; css=&#8221;.vc_custom_1763208730897{padding-top: 150px !important;background-color: #FFFFFF !important;}&#8221;][vc_row content_placement=&#8221;bottom&#8221; css=&#8221;.vc_custom_1575014741811{margin-bottom: 35px !important;}&#8221;][vc_column width=&#8221;1\/2&#8243;][vc_custom_heading text=&#8221;Emsallerine ilham vermi\u015f, T\u00fcrkiye&#8217;nin ilk patentli beton fini\u015feri&#8221; font_container=&#8221;tag:div|font_size:40px|text_align:left|color:%230A6DA4|line_height:44px&#8221; use_theme_fonts=&#8221;yes&#8221; css=&#8221;&#8221;][vc_empty_space height=&#8221;20px&#8221;][\/vc_column][vc_column width=&#8221;1\/12&#8243;][\/vc_column][vc_column width=&#8221;1\/3&#8243;][vc_column_text css=&#8221;&#8221;]Gen\u00e7 ve dinamik kadrosu ile Mimyap; \u00fcretim yapmas\u0131n\u0131n yan\u0131 s\u0131ra anahtar teslimi projelendirme ve taahh\u00fct i\u015flerinde hizmetlerini y\u00fcr\u00fctmektedir.[\/vc_column_text][vc_empty_space height=&#8221;25px&#8221;][\/vc_column][vc_column width=&#8221;1\/12&#8243;][\/vc_column][\/vc_row][vc_row][vc_column][vc_wp_custommenu nav_menu=&#8221;80&#8243; el_class=&#8221;columns-4&#8243;][vc_empty_space height=&#8221;30px&#8221;][\/vc_column][\/vc_row][vc_row][vc_column][vc_raw_html css=&#8221;&#8221;]JTNDZGl2JTIwY2xhc3MlM0QlMjJtaW0tdmlkZW8tc2VjdGlvbiUyMiUzRSUwQSUyMCUyMCUzQ2RpdiUyMGNsYXNzJTNEJTIybWltLXZpZGVvLXdyYXBwZXIlMjIlMjBkYXRhLXlvdXR1YmUtaWQlM0QlMjJjWEVCTjRfT2N4QSUyMiUzRSUwQSUyMCUyMCUyMCUyMCUzQ2RpdiUyMGNsYXNzJTNEJTIybWltLXZpZGVvLW92ZXJsYXklMjIlM0UlMEElMjAlMjAlMjAlMjAlMjAlMjAlM0NidXR0b24lMjBjbGFzcyUzRCUyMm1pbS12aWRlby1wbGF5JTIyJTIwYXJpYS1sYWJlbCUzRCUyMlZpZGVveXUlMjBveW5hdCUyMiUzRSUzQyUyRmJ1dHRvbiUzRSUwQSUyMCUyMCUyMCUyMCUzQyUyRmRpdiUzRSUwQSUyMCUyMCUzQyUyRmRpdiUzRSUwQSUzQyUyRmRpdiUzRQ==[\/vc_raw_html][\/vc_column][\/vc_row][\/vc_section][vc_section el_id=&#8221;baraj-nedir&#8221;][vc_row][vc_column][vc_empty_space height=&#8221;70px&#8221;][vc_custom_heading text=&#8221;Baraj; i\u00e7me ve [&hellip;]<\/p>\n","protected":false},"author":1,"featured_media":0,"parent":0,"menu_order":0,"comment_status":"closed","ping_status":"closed","template":"tmpl\/template-fullwidth.php","meta":{"_acf_changed":false,"footnotes":""},"class_list":["post-1631","page","type-page","status-publish","hentry"],"acf":[],"_links":{"self":[{"href":"https:\/\/mimyapcontracting.com\/tr\/wp-json\/wp\/v2\/pages\/1631","targetHints":{"allow":["GET"]}}],"collection":[{"href":"https:\/\/mimyapcontracting.com\/tr\/wp-json\/wp\/v2\/pages"}],"about":[{"href":"https:\/\/mimyapcontracting.com\/tr\/wp-json\/wp\/v2\/types\/page"}],"author":[{"embeddable":true,"href":"https:\/\/mimyapcontracting.com\/tr\/wp-json\/wp\/v2\/users\/1"}],"replies":[{"embeddable":true,"href":"https:\/\/mimyapcontracting.com\/tr\/wp-json\/wp\/v2\/comments?post=1631"}],"version-history":[{"count":66,"href":"https:\/\/mimyapcontracting.com\/tr\/wp-json\/wp\/v2\/pages\/1631\/revisions"}],"predecessor-version":[{"id":2277,"href":"https:\/\/mimyapcontracting.com\/tr\/wp-json\/wp\/v2\/pages\/1631\/revisions\/2277"}],"wp:attachment":[{"href":"https:\/\/mimyapcontracting.com\/tr\/wp-json\/wp\/v2\/media?parent=1631"}],"curies":[{"name":"wp","href":"https:\/\/api.w.org\/{rel}","templated":true}]}}