{"id":1755,"date":"2025-11-16T16:01:09","date_gmt":"2025-11-16T13:01:09","guid":{"rendered":"https:\/\/mimyap.popup.com.tr\/?page_id=1755"},"modified":"2025-12-06T10:16:08","modified_gmt":"2025-12-06T07:16:08","slug":"iletisim","status":"publish","type":"page","link":"https:\/\/mimyapcontracting.com\/tr\/iletisim\/","title":{"rendered":"\u0130leti\u015fim"},"content":{"rendered":"<div class=\"wpb-content-wrapper\"><p>[vc_section css=&#8221;.vc_custom_1763550510357{padding-top: 150px !important;}&#8221; el_id=&#8221;iletisim&#8221;][vc_row content_placement=&#8221;bottom&#8221; css=&#8221;.vc_custom_1575014741811{margin-bottom: 35px !important;}&#8221;][vc_column width=&#8221;1\/2&#8243;][vc_custom_heading text=&#8221;projenizden bahsedin<br \/>\n<strong>birlikte \u00e7al\u0131\u015fmaktan<\/strong> heyecan duyuyoruz.&#8221; font_container=&#8221;tag:div|font_size:40px|text_align:left|color:%230A6DA4|line_height:44px&#8221; use_theme_fonts=&#8221;yes&#8221; css=&#8221;&#8221;][vc_empty_space height=&#8221;20px&#8221;][\/vc_column][vc_column width=&#8221;1\/12&#8243;][\/vc_column][vc_column width=&#8221;1\/3&#8243;][\/vc_column][vc_column width=&#8221;1\/12&#8243;][\/vc_column][\/vc_row][vc_row gap=&#8221;30&#8243; equal_height=&#8221;yes&#8221;][vc_column width=&#8221;1\/2&#8243;]\n\t<div class=\"member   \">\n\t\t\n\t\t<div class=\"member-info\">\n\t\t\t<div class=\"member-meta\">\n\t\t\t<h3 class=\"member-name\">ANKARA<\/h3><div class=\"member-subtitle\">Merkez<\/div>\n\t\t\t\n\t\t\t<\/div>\n\t\t\t<div class=\"member-desc\">\n<dl>\n<dt>Adres<\/dt>\n<dd>Emirgazi Mah. No:1 Ankara\/T\u00fcrkiye<\/dd>\n<dt>Telefon<\/dt>\n<dd><a href=\"tel:+903128143520\">+90-312-814-3520<\/a><\/dd>\n<dt>Email<\/dt>\n<dd><a href=\"mailto:info@mimyap.com.tr\">info@mimyap.com.tr<\/a><\/dd>\n<\/dl>\n<\/div>\n\t\t<\/div>\n\t<\/div>[\/vc_column][vc_column width=&#8221;1\/2&#8243;]\n\t<div class=\"member   \">\n\t\t\n\t\t<div class=\"member-info\">\n\t\t\t<div class=\"member-meta\">\n\t\t\t<h3 class=\"member-name\">DUBAI<\/h3><div class=\"member-subtitle\">\u015eube<\/div>\n\t\t\t\n\t\t\t<\/div>\n\t\t\t<div class=\"member-desc\">\n<dl>\n<dt>Adres<\/dt>\n<dd>Unit 1403 Al Amir Building Barsha Heights, Dubai, UAE<\/dd>\n<dt>Telefon<\/dt>\n<dd><a href=\"tel:+97466616553\">+974-6661-6553<\/a><\/dd>\n<dt>Email<\/dt>\n<dd><a href=\"mailto:dubai@mimyap.com.tr\">dubai@mimyap.com.tr<\/a><\/dd>\n<\/dl>\n<\/div>\n\t\t<\/div>\n\t<\/div>[\/vc_column][\/vc_row][vc_row][vc_column][vc_empty_space height=&#8221;20px&#8221;]\n<div class=\"wpcf7 no-js\" id=\"wpcf7-f5-o1\" lang=\"en-US\" dir=\"ltr\" data-wpcf7-id=\"5\">\n<div class=\"screen-reader-response\"><p role=\"status\" aria-live=\"polite\" aria-atomic=\"true\"><\/p> <ul><\/ul><\/div>\n<form action=\"\/tr\/wp-json\/wp\/v2\/pages\/1755#wpcf7-f5-o1\" method=\"post\" class=\"wpcf7-form init\" aria-label=\"Contact form\" novalidate=\"novalidate\" data-status=\"init\">\n<fieldset class=\"hidden-fields-container\"><input type=\"hidden\" name=\"_wpcf7\" value=\"5\" \/><input type=\"hidden\" name=\"_wpcf7_version\" value=\"6.1.5\" \/><input type=\"hidden\" name=\"_wpcf7_locale\" value=\"en_US\" \/><input type=\"hidden\" name=\"_wpcf7_unit_tag\" value=\"wpcf7-f5-o1\" \/><input type=\"hidden\" name=\"_wpcf7_container_post\" value=\"0\" \/><input type=\"hidden\" name=\"_wpcf7_posted_data_hash\" value=\"\" \/>\n<\/fieldset>\n<div class=\"cf7-row\">\n\t<div class=\"cf7-col\">\n\t\t<p><span class=\"wpcf7-form-control-wrap\" data-name=\"your-name\"><input size=\"40\" maxlength=\"400\" class=\"wpcf7-form-control wpcf7-text wpcf7-validates-as-required\" aria-required=\"true\" aria-invalid=\"false\" placeholder=\"\u0130sim Soyisim *\" value=\"\" type=\"text\" name=\"your-name\" \/><\/span>\n\t\t<\/p>\n\t<\/div>\n\t<div class=\"cf7-col\">\n\t\t<p><span class=\"wpcf7-form-control-wrap\" data-name=\"your-company\"><input size=\"40\" maxlength=\"400\" class=\"wpcf7-form-control wpcf7-text wpcf7-validates-as-required\" aria-required=\"true\" aria-invalid=\"false\" placeholder=\"Firma Ad\u0131 *\" value=\"\" type=\"text\" name=\"your-company\" \/><\/span>\n\t\t<\/p>\n\t<\/div>\n<\/div>\n<div class=\"cf7-row\">\n\t<div class=\"cf7-col\">\n\t\t<p><span class=\"wpcf7-form-control-wrap\" data-name=\"your-email\"><input size=\"40\" maxlength=\"400\" class=\"wpcf7-form-control wpcf7-email wpcf7-validates-as-required wpcf7-text wpcf7-validates-as-email\" aria-required=\"true\" aria-invalid=\"false\" placeholder=\"E-posta Adresi *\" value=\"\" type=\"email\" name=\"your-email\" \/><\/span>\n\t\t<\/p>\n\t<\/div>\n\t<div class=\"cf7-col\">\n\t\t<p><span class=\"wpcf7-form-control-wrap\" data-name=\"your-phone\"><input size=\"40\" maxlength=\"400\" class=\"wpcf7-form-control wpcf7-tel wpcf7-validates-as-required wpcf7-text wpcf7-validates-as-tel\" aria-required=\"true\" aria-invalid=\"false\" placeholder=\"Telefon Numaras\u0131 *\" value=\"\" type=\"tel\" name=\"your-phone\" \/><\/span>\n\t\t<\/p>\n\t<\/div>\n<\/div>\n<div class=\"cf7-row cf7-row-message\">\n\t<p><span class=\"wpcf7-form-control-wrap\" data-name=\"your-message\"><textarea cols=\"40\" rows=\"10\" maxlength=\"2000\" class=\"wpcf7-form-control wpcf7-textarea wpcf7-validates-as-required\" aria-required=\"true\" aria-invalid=\"false\" placeholder=\"Mesaj\u0131n\u0131z *\" name=\"your-message\"><\/textarea><\/span>\n\t<\/p>\n<\/div>\n<div class=\"cf7-row kvkk-row\">\n\t<p><span class=\"wpcf7-form-control-wrap\" data-name=\"kvkk-consent\"><span class=\"wpcf7-form-control wpcf7-acceptance optional\"><span class=\"wpcf7-list-item\"><label><input type=\"checkbox\" name=\"kvkk-consent\" value=\"1\" aria-invalid=\"false\" \/><span class=\"wpcf7-list-item-label\"><a href=\"\/kvkk\/\" target=\"_blank\" rel=\"noopener\">KVKK Ayd\u0131nlatma Metni\u2019ni<\/a> okudum ve kabul ediyorum.<\/span><\/label><\/span><\/span><\/span>\n\t<\/p>\n<\/div>\n<div class=\"cf7-row\">\n\t<p><input class=\"wpcf7-form-control wpcf7-submit has-spinner\" type=\"submit\" value=\"G\u00f6nder\" \/>\n\t<\/p>\n<\/div>\n<p><script>\ndocument.addEventListener('DOMContentLoaded', function () {\n var el = document.querySelector('input[name=\"kvkk-consent\"]');\n if (el) {\n el.checked = true;\n }\n});\n<\/script>\n<\/p><p style=\"display: none !important;\" class=\"akismet-fields-container\" data-prefix=\"_wpcf7_ak_\"><label>&#916;<textarea name=\"_wpcf7_ak_hp_textarea\" cols=\"45\" rows=\"8\" maxlength=\"100\"><\/textarea><\/label><input type=\"hidden\" id=\"ak_js_1\" name=\"_wpcf7_ak_js\" value=\"57\"\/><script>document.getElementById( \"ak_js_1\" ).setAttribute( \"value\", ( new Date() ).getTime() );<\/script><\/p><div class=\"wpcf7-response-output\" aria-hidden=\"true\"><\/div>\n<\/form>\n<\/div>\n[\/vc_column][\/vc_row][\/vc_section]<\/p>\n<\/div>","protected":false},"excerpt":{"rendered":"<p>[vc_section css=&#8221;.vc_custom_1763550510357{padding-top: 150px !important;}&#8221; el_id=&#8221;iletisim&#8221;][vc_row content_placement=&#8221;bottom&#8221; css=&#8221;.vc_custom_1575014741811{margin-bottom: 35px !important;}&#8221;][vc_column width=&#8221;1\/2&#8243;][vc_custom_heading text=&#8221;projenizden bahsedin birlikte \u00e7al\u0131\u015fmaktan heyecan duyuyoruz.&#8221; font_container=&#8221;tag:div|font_size:40px|text_align:left|color:%230A6DA4|line_height:44px&#8221; use_theme_fonts=&#8221;yes&#8221; css=&#8221;&#8221;][vc_empty_space height=&#8221;20px&#8221;][\/vc_column][vc_column width=&#8221;1\/12&#8243;][\/vc_column][vc_column width=&#8221;1\/3&#8243;][\/vc_column][vc_column width=&#8221;1\/12&#8243;][\/vc_column][\/vc_row][vc_row gap=&#8221;30&#8243; equal_height=&#8221;yes&#8221;][vc_column width=&#8221;1\/2&#8243;][\/vc_column][vc_column width=&#8221;1\/2&#8243;][\/vc_column][\/vc_row][vc_row][vc_column][vc_empty_space height=&#8221;20px&#8221;][\/vc_column][\/vc_row][\/vc_section]<\/p>\n","protected":false},"author":1,"featured_media":0,"parent":0,"menu_order":0,"comment_status":"closed","ping_status":"closed","template":"tmpl\/template-fullwidth.php","meta":{"_acf_changed":false,"footnotes":""},"class_list":["post-1755","page","type-page","status-publish","hentry"],"acf":[],"_links":{"self":[{"href":"https:\/\/mimyapcontracting.com\/tr\/wp-json\/wp\/v2\/pages\/1755","targetHints":{"allow":["GET"]}}],"collection":[{"href":"https:\/\/mimyapcontracting.com\/tr\/wp-json\/wp\/v2\/pages"}],"about":[{"href":"https:\/\/mimyapcontracting.com\/tr\/wp-json\/wp\/v2\/types\/page"}],"author":[{"embeddable":true,"href":"https:\/\/mimyapcontracting.com\/tr\/wp-json\/wp\/v2\/users\/1"}],"replies":[{"embeddable":true,"href":"https:\/\/mimyapcontracting.com\/tr\/wp-json\/wp\/v2\/comments?post=1755"}],"version-history":[{"count":5,"href":"https:\/\/mimyapcontracting.com\/tr\/wp-json\/wp\/v2\/pages\/1755\/revisions"}],"predecessor-version":[{"id":2563,"href":"https:\/\/mimyapcontracting.com\/tr\/wp-json\/wp\/v2\/pages\/1755\/revisions\/2563"}],"wp:attachment":[{"href":"https:\/\/mimyapcontracting.com\/tr\/wp-json\/wp\/v2\/media?parent=1755"}],"curies":[{"name":"wp","href":"https:\/\/api.w.org\/{rel}","templated":true}]}}