{"id":3,"date":"2019-09-23T06:51:19","date_gmt":"2019-09-23T06:51:19","guid":{"rendered":"https:\/\/mimyap.popup.com.tr\/?page_id=3"},"modified":"2025-11-19T13:15:55","modified_gmt":"2025-11-19T10:15:55","slug":"kvkk","status":"publish","type":"page","link":"https:\/\/mimyapcontracting.com\/tr\/kvkk\/","title":{"rendered":"KVKK"},"content":{"rendered":"<section class=\"kvkk-aydinlatma-metin\">\n<h2>M\u0130MYAP YAPI END\u00dcSTR\u0130 \u0130N\u015eAAT TAAHH\u00dcT MAK\u0130NE \u00c7EL\u0130K SAN. VE T\u0130C. A.\u015e.<\/h2>\n<h3>Web Sitesi Ziyaret\u00e7ileri, \u0130leti\u015fim ve Kariyer Formu Kapsam\u0131nda Ki\u015fisel Verilerin \u0130\u015flenmesine \u0130li\u015fkin Ayd\u0131nlatma Metni<\/h3>\n<p>Veri sorumlusu MimYap Yap\u0131 End\u00fcstri \u0130n\u015faat Taahh\u00fct Makine \u00c7elik San. ve Tic. A.\u015e. (\u201c\u015eirket\u201d veya \u201cMimYap\u201d) olarak, mimyap.com.tr alan adl\u0131 internet sitemizi (\u201cSite\u201d) ziyaretiniz ve Site \u00fczerinde yer alan \u201c\u0130leti\u015fim\u201d ve \u201cKariyer\u201d formlar\u0131n\u0131 kullanman\u0131z kapsam\u0131nda elde edilen ki\u015fisel verilerinize ili\u015fkin olarak, 6698 say\u0131l\u0131 Ki\u015fisel Verilerin Korunmas\u0131 Kanunu (\u201cKVKK\u201d) ve ikincil mevzuat uyar\u0131nca sizleri a\u015fa\u011f\u0131da belirtilen \u00e7er\u00e7evede bilgilendirmekteyiz.<\/p>\n<p>\u015eirket, ba\u015fta \u00e7elik konstr\u00fcksiyon tasar\u0131m\u0131, imalat\u0131 ve montaj\u0131, end\u00fcstriyel tesisler, havaalanlar\u0131, k\u00f6pr\u00fcler, altyap\u0131 projeleri ve anahtar teslim sanayi tesisleri olmak \u00fczere faaliyet alanlar\u0131 kapsam\u0131nda hizmet sunmaktad\u0131r.<\/p>\n<p>Bu Ayd\u0131nlatma Metni;<\/p>\n<ul>\n<li>&#8211; Site\u2019yi yaln\u0131zca ziyaret eden ki\u015filer,<\/li>\n<li>&#8211; Site \u00fczerinde yer alan \u201c\u0130leti\u015fim\u201d formunu dolduran ki\u015filer,<\/li>\n<li>&#8211; Site \u00fczerinde yer alan \u201cKariyer\u201d formu \u00fczerinden i\u015f ba\u015fvurusu yapan adaylar<\/li>\n<\/ul>\n<p>i\u00e7in ge\u00e7erlidir.<\/p>\n<h3>1. Veri Sorumlusunun Kimli\u011fi<\/h3>\n<p>Veri Sorumlusu:MimYap Yap\u0131 End\u00fcstri \u0130n\u015faat Taahh\u00fct Makine \u00c7elik San. ve Tic. A.\u015e.<br \/>\nAdres: Emirgazi Mahallesi No:1 Kahramankazan \/ Ankara \u2013 T\u00fcrkiye<br \/>\nTelefon: +90 (312) 814 35 20 &#8211; E-posta: info@mimyap.com.tr<\/p>\n<h3>2. \u0130\u015flenen Ki\u015fisel Veriler ve Toplanma Y\u00f6ntemleri<\/h3>\n<p>Ki\u015fisel verileriniz; Site\u2019yi ziyaretiniz, Site \u00fczerinde yer alan formlar\u0131 doldurman\u0131z, taraf\u0131m\u0131za e-posta g\u00f6ndermeniz veya telefonla ileti\u015fime ge\u00e7meniz s\u0131ras\u0131nda, tamamen veya k\u0131smen otomatik yollarla ya da veri kay\u0131t sisteminin par\u00e7as\u0131 olmak kayd\u0131yla otomatik olmayan yollarla elde edilmekte ve KVKK\u2019da \u00f6ng\u00f6r\u00fclen temel ilkelere uygun olarak i\u015flenmektedir.<\/p>\n<h4>2.1. Site Ziyareti ve \u00c7erezler Kapsam\u0131nda \u0130\u015flenen Veriler<\/h4>\n<p>Site\u2019yi ziyaretiniz s\u0131ras\u0131nda a\u015fa\u011f\u0131daki ki\u015fisel verileriniz i\u015flenebilmektedir:<\/p>\n<ul>\n<li>&#8211; \u0130\u015flem G\u00fcvenli\u011fi Verisi: IP adresi, taray\u0131c\u0131 t\u00fcr\u00fc, i\u015fletim sistemi bilgisi, ziyaret tarihi ve saati, ziyaret edilen sayfalar, oturum s\u00fcresi, y\u00f6nlendiren URL, hata kay\u0131tlar\u0131, g\u00fcvenlik loglar\u0131,<\/li>\n<li>&#8211; Kullan\u0131m Verileri: \u00c7erezler ve benzeri teknolojiler arac\u0131l\u0131\u011f\u0131yla toplanan Site kullan\u0131m verileri.<\/li>\n<\/ul>\n<p>\u00c7erezler arac\u0131l\u0131\u011f\u0131yla i\u015flenen ki\u015fisel verileriniz, Site\u2019de yay\u0131mlanan \u00c7erez Politikas\u0131\u2019nda ayr\u0131ca a\u00e7\u0131klanmakta olup; \u00e7erez tercihlerinizi taray\u0131c\u0131 ayarlar\u0131n\u0131z ve\/veya Site \u00fczerinde sunulan ara\u00e7lar \u00fczerinden diledi\u011finiz zaman de\u011fi\u015ftirebilirsiniz.<\/p>\n<h4>2.2. \u0130leti\u015fim Formu Kapsam\u0131nda \u0130\u015flenen Veriler<\/h4>\n<p>Site \u00fczerinde yer alan \u201c\u0130leti\u015fim\u201d formu \u00fczerinden taraf\u0131m\u0131za iletti\u011finiz bilgiler \u00e7er\u00e7evesinde a\u015fa\u011f\u0131daki ki\u015fisel verileriniz i\u015flenebilmektedir:<\/p>\n<ul>\n<li>&#8211; Kimlik Bilgisi: Ad, soyad,<\/li>\n<li>&#8211; \u0130leti\u015fim Bilgisi: Telefon numaras\u0131, e-posta adresi,<\/li>\n<li>&#8211; \u00c7al\u0131\u015fma \/ \u015eirket Bilgisi (varsa): \u00c7al\u0131\u015ft\u0131\u011f\u0131n\u0131z kurum\/\u015firket unvan\u0131, pozisyonunuz,<\/li>\n<li>&#8211; \u0130leti \/ Proje \u0130\u00e7eri\u011fi: Projelerinize ili\u015fkin teknik ve ticari talepleriniz, teklif talepleriniz, sorular\u0131n\u0131z, \u015fik\u00e2yet ve \u00f6nerileriniz ile serbest metin alan\u0131nda payla\u015fmay\u0131 tercih etti\u011finiz di\u011fer bilgiler,<\/li>\n<li>&#8211; \u0130\u015flem G\u00fcvenli\u011fi Verisi: IP adresi, talep tarihi ve saati, teknik log kay\u0131tlar\u0131.<\/li>\n<\/ul>\n<p>Bu veriler, \u015eirket\u2019in \u00e7elik konstr\u00fcksiyon ve ilgili alanlardaki hizmetlerine ili\u015fkin talep ve ba\u015fvurular\u0131n\u0131z\u0131n al\u0131nmas\u0131, de\u011ferlendirilmesi ve sonu\u00e7land\u0131r\u0131lmas\u0131 amac\u0131yla i\u015flenmektedir.<\/p>\n<p>\u00d6nemli Not: \u0130leti\u015fim formu serbest metin alan\u0131nda ba\u015fvuru s\u00fcreci ile do\u011frudan ilgili ve gerekli olmayan \u00f6zel nitelikli ki\u015fisel verilerinizi (\u00f6rne\u011fin sa\u011fl\u0131k bilgileri, sendika \u00fcyeli\u011fi, siyasi d\u00fc\u015f\u00fcnce, dini inan\u00e7 vb.) payla\u015fmaman\u0131z tavsiye edilir.<\/p>\n<h4>2.3. Kariyer Formu Kapsam\u0131nda \u0130\u015flenen Veriler<\/h4>\n<p>Site \u00fczerinde yer alan \u201cKariyer\u201d formu arac\u0131l\u0131\u011f\u0131yla iletti\u011finiz bilgiler ve form \u00fczerinden y\u00fckledi\u011finiz \u00f6zge\u00e7mi\u015f (CV) dosyalar\u0131 kapsam\u0131nda a\u015fa\u011f\u0131daki ki\u015fisel verileriniz i\u015flenebilmektedir:<\/p>\n<ul>\n<li>&#8211; Kimlik Bilgisi: Ad, soyad,<\/li>\n<li>&#8211; \u0130leti\u015fim Bilgisi: E-posta adresi, telefon numaras\u0131,<\/li>\n<li>&#8211; Mesaj \u0130\u00e7eri\u011fi: Serbest metin alan\u0131nda yer verdi\u011finiz bilgiler (ba\u015fvurdu\u011funuz pozisyon, talep ve beklentileriniz vb.),<\/li>\n<li>&#8211; Mesleki Bilgi: CV\u2019nizde yer alan e\u011fitim durumunuz, mesleki deneyimleriniz, sertifikalar\u0131n\u0131z, yabanc\u0131 dil ve di\u011fer yetkinlikleriniz, referanslar\u0131n\u0131z, mesleki \u00fcyelikleriniz ve benzeri bilgiler,<\/li>\n<li>&#8211; G\u00f6rsel\/\u0130\u015fitsel Veri: CV\u2019nizde yer vermeniz h\u00e2linde foto\u011fraf\u0131n\u0131z ile ba\u011flant\u0131 verdi\u011finiz profesyonel platformlardaki (\u00f6rne\u011fin LinkedIn vb.) g\u00f6r\u00fcnt\u00fc ve di\u011fer i\u00e7erikler,<\/li>\n<li>&#8211; \u0130\u015flem G\u00fcvenli\u011fi Verisi: Ba\u015fvuru tarihi, saat bilgisi, teknik log kay\u0131tlar\u0131.<\/li>\n<\/ul>\n<p>\u015eirket, i\u015fe al\u0131m s\u00fcreci bak\u0131m\u0131ndan gerekli olmad\u0131\u011f\u0131 s\u00fcrece \u00f6zel nitelikli ki\u015fisel verilerinizi (sa\u011fl\u0131k bilgileri, engellilik durumu, siyasi g\u00f6r\u00fc\u015f, sendika \u00fcyeli\u011fi, dini inan\u00e7 vb.) payla\u015fmaman\u0131z\u0131 tavsiye eder. Mevzuat\u0131n a\u00e7\u0131k\u00e7a zorunlu k\u0131ld\u0131\u011f\u0131 ve ilgili pozisyonun gerektirdi\u011fi h\u00e2ller d\u0131\u015f\u0131nda \u00f6zel nitelikli ki\u015fisel verileriniz i\u015flenmemektedir.<\/p>\n<h4>2.4. Di\u011fer \u0130leti\u015fim Kanallar\u0131<\/h4>\n<p>Ki\u015fisel verileriniz; Site\u2019de yer alan e-posta adreslerine e-posta g\u00f6ndermeniz, telefonla ileti\u015fime ge\u00e7meniz veya gerekmesi h\u00e2linde fiziksel ortamda yapt\u0131\u011f\u0131n\u0131z ba\u015fvuru ve g\u00f6r\u00fc\u015fmeler kapsam\u0131nda da elde edilebilmektedir.<\/p>\n<h3>3. Ki\u015fisel Verilerin \u0130\u015flenme Ama\u00e7lar\u0131<\/h3>\n<p>Ki\u015fisel verileriniz, KVKK\u2019n\u0131n 4. maddesinde \u00f6ng\u00f6r\u00fclen genel ilkelere uygun olarak ve KVKK\u2019n\u0131n 5. ve 6. maddelerinde say\u0131lan veri i\u015fleme \u015fartlar\u0131 \u00e7er\u00e7evesinde a\u015fa\u011f\u0131daki ama\u00e7larla i\u015flenmektedir.<\/p>\n<h4>3.1. A\u00e7\u0131k R\u0131zaya Ba\u011fl\u0131 Olmayan Zorunlu \u0130\u015fleme Ama\u00e7lar\u0131<\/h4>\n<p>Ki\u015fisel verileriniz \u00f6ncelikle a\u015fa\u011f\u0131daki ama\u00e7larla, a\u00e7\u0131k r\u0131zan\u0131z aranmaks\u0131z\u0131n KVKK m.5\/2 ve m.6\u2019da belirtilen veri i\u015fleme \u015fartlar\u0131na dayan\u0131larak i\u015flenmektedir:<\/p>\n<ul>\n<li>&#8211; \u0130leti\u015fim formu \u00fczerinden iletti\u011finiz talep, soru, \u015fik\u00e2yet ve \u00f6nerilerinizin al\u0131nmas\u0131, de\u011ferlendirilmesi ve sonu\u00e7land\u0131r\u0131lmas\u0131,<\/li>\n<li>&#8211; Projelerinize ve teknik\/ticari taleplerinize ili\u015fkin de\u011ferlendirmelerin yap\u0131lmas\u0131, tekliflendirme ve s\u00f6zle\u015fme \u00f6ncesi m\u00fczakerelerin y\u00fcr\u00fct\u00fclmesi,<\/li>\n<li>&#8211; \u015eirket ile aran\u0131zda do\u011fabilecek s\u00f6zle\u015fme ili\u015fkisinin kurulmas\u0131 ve ifas\u0131na y\u00f6nelik s\u00fcre\u00e7lerin y\u00fcr\u00fct\u00fclmesi,<\/li>\n<li>&#8211; M\u00fc\u015fteri\/ziyaret\u00e7i talep ve \u015fik\u00e2yet y\u00f6netimi s\u00fcre\u00e7lerinin planlanmas\u0131 ve icras\u0131,<\/li>\n<li>&#8211; \u0130\u015f ba\u015fvurular\u0131n\u0131z\u0131n al\u0131nmas\u0131, ilgili pozisyonlara uygunlu\u011funuzun de\u011ferlendirilmesi, m\u00fclakat ve i\u015fe al\u0131m s\u00fcre\u00e7lerinin planlanmas\u0131 ve y\u00fcr\u00fct\u00fclmesi,<\/li>\n<li>&#8211; \u015eirket\u2019in insan kaynaklar\u0131 politikalar\u0131n\u0131n ve s\u00fcre\u00e7lerinin y\u00fcr\u00fct\u00fclmesi,<\/li>\n<li>&#8211; Site g\u00fcvenli\u011finin sa\u011flanmas\u0131, bilgi sistemleri ve bili\u015fim altyap\u0131s\u0131n\u0131n korunmas\u0131, siber sald\u0131r\u0131lar\u0131n, k\u00f6t\u00fcye kullan\u0131m ve yetkisiz eri\u015fim giri\u015fimlerinin tespiti ve \u00f6nlenmesi,<\/li>\n<li>&#8211; \u0130lgili mevzuattan kaynaklanan y\u00fck\u00fcml\u00fcl\u00fcklerimizin yerine getirilmesi, yetkili ki\u015fi, kurum ve kurulu\u015flar\u0131n taleplerinin kar\u015f\u0131lanmas\u0131,<\/li>\n<li>&#8211; Olas\u0131 hukuki uyu\u015fmazl\u0131klar\u0131n \u00f6nlenmesi, ortaya \u00e7\u0131kmas\u0131 h\u00e2linde ispat y\u00fck\u00fcml\u00fcl\u00fc\u011f\u00fcn\u00fcn yerine getirilebilmesi i\u00e7in gerekli kay\u0131tlar\u0131n tutulmas\u0131 ve delil te\u015fkil etmesi,<\/li>\n<li>&#8211; \u015eirket\u2019in hak ve menfaatlerinin korunmas\u0131, hukuki ve idari s\u00fcre\u00e7lerin takibi.<\/li>\n<\/ul>\n<p>Bu kapsamda \u00f6zellikle ileti\u015fim formu \u00fczerinden elde edilen ki\u015fisel verileriniz, a\u00e7\u0131k r\u0131zan\u0131z bulunmaks\u0131z\u0131n pazarlama, reklam veya otomatik profil \u00e7\u0131karma faaliyetlerinde kullan\u0131lmamaktad\u0131r.<\/p>\n<h4>3.2. Yaln\u0131zca A\u00e7\u0131k R\u0131zan\u0131za Ba\u011fl\u0131 \u0130\u015fleme Ama\u00e7lar\u0131<\/h4>\n<p>A\u015fa\u011f\u0131da say\u0131lan veri i\u015fleme faaliyetleri yaln\u0131zca a\u00e7\u0131k r\u0131za vermeniz h\u00e2linde y\u00fcr\u00fct\u00fclmektedir:<\/p>\n<ul>\n<li>&#8211; \u015eirket\u2019in \u00e7elik konstr\u00fcksiyon, end\u00fcstriyel tesisler, k\u00f6pr\u00fcler, havaalanlar\u0131 ve benzeri projelerine ili\u015fkin tan\u0131t\u0131m, duyuru ve pazarlama i\u00e7eriklerinin e-posta, SMS, telefon aramas\u0131 veya di\u011fer elektronik ileti\u015fim kanallar\u0131yla taraf\u0131n\u0131za iletilmesi,<\/li>\n<li>&#8211; Projeler, kampanyalar, etkinlikler ve kurumsal haberlere ili\u015fkin ticari elektronik ileti g\u00f6nderimi,<\/li>\n<li>&#8211; Site kullan\u0131m bilgileriniz ve ileti\u015fim\/i\u015flem ge\u00e7mi\u015finiz esas al\u0131narak profil \u00e7\u0131kar\u0131lmas\u0131 ve size \u00f6zel\/ki\u015fiselle\u015ftirilmi\u015f i\u00e7erik ve tekliflerin sunulmas\u0131,<\/li>\n<li>&#8211; \u0130\u015f ba\u015fvurunuza ili\u015fkin CV ve di\u011fer verilerinizin, yaln\u0131zca ba\u015fvurdu\u011funuz pozisyon i\u00e7in de\u011fil, ileride a\u00e7\u0131labilecek di\u011fer uygun pozisyonlarda da de\u011ferlendirilmek \u00fczere \u201caday havuzu\u201dnda daha uzun s\u00fcre saklanmas\u0131,<\/li>\n<li>&#8211; A\u00e7\u0131k r\u0131za vermeniz h\u00e2linde, aday havuzunda yer alan verilerinizin \u015eirket\u2019in ba\u011fl\u0131 ortakl\u0131klar\u0131 ve\/veya i\u015f ortaklar\u0131 ile payla\u015f\u0131lmas\u0131,<\/li>\n<li>&#8211; Referans kontrol\u00fc yap\u0131lmas\u0131 gerekti\u011finde, CV\u2019nizde ileti\u015fim bilgilerini payla\u015ft\u0131\u011f\u0131n\u0131z referans ki\u015filerle gerekli bilgilerin payla\u015f\u0131lmas\u0131 ve onlardan teyit al\u0131nmas\u0131.<\/li>\n<\/ul>\n<p>A\u00e7\u0131k r\u0131za vermemeniz veya vermi\u015f oldu\u011funuz r\u0131zay\u0131 diledi\u011finiz zaman geri alman\u0131z; Site\u2019yi ziyaret etmeniz, ileti\u015fim formunu kullanman\u0131z veya zorunlu nitelikteki hizmet ve s\u00fcre\u00e7lerden yararlanman\u0131z\u0131n \u00f6n\u00fcnde bir engel te\u015fkil etmez. A\u00e7\u0131k r\u0131zaya dayal\u0131 i\u015flemler bak\u0131m\u0131ndan r\u0131zan\u0131z\u0131 geri alman\u0131z h\u00e2linde, s\u00f6z konusu faaliyetler durdurulur.<\/p>\n<h3>4. Ki\u015fisel Verilerin \u0130\u015flenmesinin Hukuki Sebepleri<\/h3>\n<p>Ki\u015fisel verileriniz, KVKK\u2019n\u0131n 5. ve 6. maddelerinde yer alan a\u015fa\u011f\u0131daki veri i\u015fleme \u015fartlar\u0131na dayan\u0131larak i\u015flenmektedir:<\/p>\n<ul>\n<li>&#8211; Kanunlarda a\u00e7\u0131k\u00e7a \u00f6ng\u00f6r\u00fclmesi (KVKK m.5\/2-a),<\/li>\n<li>&#8211; Bir s\u00f6zle\u015fmenin kurulmas\u0131 veya ifas\u0131yla do\u011frudan do\u011fruya ilgili olmas\u0131 ve ki\u015fisel verilerinizin i\u015flenmesinin gerekli olmas\u0131 (KVKK m.5\/2-c),<\/li>\n<li>&#8211; Veri sorumlusunun hukuki y\u00fck\u00fcml\u00fcl\u00fc\u011f\u00fcn\u00fc yerine getirebilmesi i\u00e7in zorunlu olmas\u0131 (KVKK m.5\/2-\u00e7),<\/li>\n<li>&#8211; Bir hakk\u0131n tesisi, kullan\u0131lmas\u0131 veya korunmas\u0131 i\u00e7in veri i\u015flemenin zorunlu olmas\u0131 (KVKK m.5\/2-e),<\/li>\n<li>&#8211; Temel hak ve \u00f6zg\u00fcrl\u00fcklerinize zarar vermemek kayd\u0131yla, veri sorumlusunun me\u015fru menfaatleri i\u00e7in veri i\u015flemenin zorunlu olmas\u0131 (KVKK m.5\/2-f).<\/li>\n<\/ul>\n<p>Pazarlama faaliyetleri, ticari elektronik ileti g\u00f6nderimi, profil \u00e7\u0131karma, aday havuzunda daha uzun s\u00fcre saklama ve grup \u015firketlerine\/i\u015f ortaklar\u0131na bu ama\u00e7larla aktar\u0131m gibi iste\u011fe ba\u011fl\u0131 faaliyetler a\u00e7\u0131s\u0131ndan ki\u015fisel verileriniz KVKK m.5\/1 uyar\u0131nca a\u00e7\u0131k r\u0131zan\u0131za dayan\u0131larak i\u015flenmektedir.<\/p>\n<p>\u0130\u015fe al\u0131m s\u00fcre\u00e7lerinde, mevzuat\u0131n zorunlu k\u0131ld\u0131\u011f\u0131 h\u00e2ller d\u0131\u015f\u0131nda \u00f6zel nitelikli ki\u015fisel verileriniz i\u015flenmemekte; ba\u015fvurunuzda kendi iradenizle payla\u015ft\u0131\u011f\u0131n\u0131z \u00f6zel nitelikli veriler ise yaln\u0131zca KVKK m.6 kapsam\u0131nda \u00f6ng\u00f6r\u00fclen \u015fartlar\u0131n varl\u0131\u011f\u0131 ve gerekli teknik\/idari tedbirler al\u0131nmak suretiyle i\u015flenmektedir.<\/p>\n<p>Her h\u00e2l\u00fck\u00e2rda \u015eirket, veri i\u015fleme faaliyetlerinde KVKK\u2019da \u00f6ng\u00f6r\u00fclen genel ilkelere (hukuka ve d\u00fcr\u00fcstl\u00fck kurallar\u0131na uygun olma, do\u011fru ve g\u00fcncel olma, belirli, a\u00e7\u0131k ve me\u015fru ama\u00e7lar i\u00e7in i\u015flenme, i\u015flendikleri ama\u00e7la ba\u011flant\u0131l\u0131, s\u0131n\u0131rl\u0131 ve \u00f6l\u00e7\u00fcl\u00fc olma, ilgili mevzuatta \u00f6ng\u00f6r\u00fclen veya i\u015flendikleri ama\u00e7 i\u00e7in gerekli olan s\u00fcre kadar muhafaza edilme) uygun hareket eder.<\/p>\n<h3>5. Ki\u015fisel Verilerin Aktar\u0131lmas\u0131<\/h3>\n<p>Ki\u015fisel verileriniz, KVKK\u2019n\u0131n 8. ve 9. maddeleri \u00e7er\u00e7evesinde ve yukar\u0131da belirtilen ama\u00e7larla s\u0131n\u0131rl\u0131 olmak \u00fczere a\u015fa\u011f\u0131daki al\u0131c\u0131 gruplar\u0131na aktar\u0131labilmektedir:<\/p>\n<ul>\n<li>&#8211; \u015eirket\u2019in yurt i\u00e7indeki ba\u011fl\u0131 ortakl\u0131klar\u0131, proje payda\u015flar\u0131 ve i\u015f ortaklar\u0131,<\/li>\n<li>&#8211; Bilgi teknolojileri altyap\u0131 ve hizmet sa\u011flay\u0131c\u0131lar\u0131 (hosting, e-posta, yedekleme, g\u00fcvenlik, bak\u0131m ve destek hizmeti sunan \u015firketler),<\/li>\n<li>&#8211; Hukuki, mali ve benzeri alanlarda dan\u0131\u015fmanl\u0131k ald\u0131\u011f\u0131m\u0131z avukatlar, ba\u011f\u0131ms\u0131z denet\u00e7iler ve di\u011fer profesyonel dan\u0131\u015fmanlar,<\/li>\n<li>&#8211; Gerekmesi h\u00e2linde referans kontrol\u00fc yap\u0131labilmesi amac\u0131yla, CV\u2019nizde ileti\u015fim bilgilerini payla\u015ft\u0131\u011f\u0131n\u0131z referans ki\u015filer (yaln\u0131zca a\u00e7\u0131k r\u0131zan\u0131z bulunmas\u0131 h\u00e2linde),<\/li>\n<li>&#8211; \u0130lgili mevzuat uyar\u0131nca bilgi ve belge talep etmeye yetkili kamu kurum ve kurulu\u015flar\u0131 ile yarg\u0131 mercileri.<\/li>\n<\/ul>\n<p>Pazarlama ve profil \u00e7\u0131karma ama\u00e7l\u0131 aktar\u0131m faaliyetleri ile aday havuzuna al\u0131nan verilerinizin grup \u015firketleri ve\/veya i\u015f ortaklar\u0131 ile payla\u015f\u0131lmas\u0131 yaln\u0131zca a\u00e7\u0131k r\u0131zan\u0131z\u0131n bulundu\u011fu h\u00e2llerde ger\u00e7ekle\u015ftirilir.<\/p>\n<p>Yurt d\u0131\u015f\u0131na aktar\u0131m s\u00f6z konusu oldu\u011funda, ki\u015fisel verileriniz KVKK m.9 kapsam\u0131nda; Ki\u015fisel Verileri Koruma Kurulu taraf\u0131ndan yeterli korumaya sahip \u00fclkeler ilan edildi\u011finde bu \u00fclkelere veya yeterli koruman\u0131n bulunmad\u0131\u011f\u0131 h\u00e2llerde Kurul\u2019un onaylad\u0131\u011f\u0131 taahh\u00fctnameler ve\/veya a\u00e7\u0131k r\u0131zan\u0131z do\u011frultusunda aktar\u0131labilecektir. Yurt d\u0131\u015f\u0131na veri aktar\u0131m\u0131nda gerekli t\u00fcm teknik ve idari tedbirler al\u0131n\u0131r.<\/p>\n<h3>6. Ki\u015fisel Verilerin Toplanma Y\u00f6ntemi ve Hukuki Dayana\u011f\u0131<\/h3>\n<p>Ki\u015fisel verileriniz;<\/p>\n<ul>\n<li>&#8211; Site \u00fczerindeki \u201c\u0130leti\u015fim\u201d ve \u201cKariyer\u201d formlar\u0131n\u0131 doldurman\u0131z,<\/li>\n<li>&#8211; Site\u2019de yer alan e-posta adreslerine e-posta g\u00f6ndermeniz,<\/li>\n<li>&#8211; Telefon veya di\u011fer ileti\u015fim kanallar\u0131 arac\u0131l\u0131\u011f\u0131yla \u015eirket ile ileti\u015fime ge\u00e7meniz,<\/li>\n<li>&#8211; Site \u00fczerinde kullan\u0131lan \u00e7erezler ve benzeri teknolojiler,<\/li>\n<li>&#8211; Gerekmesi h\u00e2linde fiziki ortamda yapt\u0131\u011f\u0131n\u0131z ba\u015fvuru ve g\u00f6r\u00fc\u015fmeler<\/li>\n<\/ul>\n<p>arac\u0131l\u0131\u011f\u0131yla, tamamen veya k\u0131smen otomatik yollarla ya da veri kay\u0131t sisteminin par\u00e7as\u0131 olmak kayd\u0131yla otomatik olmayan yollarla elde edilmektedir.<br \/>\nToplanan ki\u015fisel verileriniz, i\u015fbu Ayd\u0131nlatma Metni\u2019nin 3. ve 4. maddelerinde belirtilen ama\u00e7lar ve hukuki sebepler \u00e7er\u00e7evesinde KVKK\u2019da \u00f6ng\u00f6r\u00fclen \u015fartlara uygun olarak i\u015flenmektedir.<\/p>\n<h3>7. Saklama S\u00fcreleri<\/h3>\n<p>Ki\u015fisel verileriniz;<\/p>\n<ul>\n<li>&#8211; \u0130leti\u015fim ve teklif talepleriniz bak\u0131m\u0131ndan, ilgili s\u00fcrecin tamamlanmas\u0131na ve sonras\u0131nda ilgili mevzuatta \u00f6ng\u00f6r\u00fclen genel ve \u00f6zel zamana\u015f\u0131m\u0131 s\u00fcrelerine,<\/li>\n<li>&#8211; \u015eirket ile aran\u0131zda akdedilen bir s\u00f6zle\u015fme bulunmas\u0131 h\u00e2linde, s\u00f6zle\u015fme ili\u015fkisinden do\u011fabilecek uyu\u015fmazl\u0131klara ili\u015fkin zamana\u015f\u0131m\u0131 s\u00fcrelerine,<\/li>\n<li>&#8211; \u0130\u015fe al\u0131m s\u00fcre\u00e7leri a\u00e7\u0131s\u0131ndan, ba\u015fvurunuzun olumsuz sonu\u00e7lanmas\u0131 h\u00e2linde ba\u015fvurunun sonu\u00e7land\u0131\u011f\u0131 tarihten itibaren makul bir s\u00fcreye; aday havuzuna al\u0131nman\u0131za ayr\u0131ca a\u00e7\u0131k r\u0131za vermeniz h\u00e2linde ise bu r\u0131zada belirtilen veya \u015eirket\u2019in aday havuzu politikalar\u0131nda \u00f6ng\u00f6r\u00fclen s\u00fcreye,<\/li>\n<li>&#8211; Site\u2019ye ve bilgi sistemlerine ili\u015fkin i\u015flem g\u00fcvenli\u011fi kay\u0131tlar\u0131 bak\u0131m\u0131ndan, bilgi g\u00fcvenli\u011fi y\u00fck\u00fcml\u00fcl\u00fckleri ve ilgili mevzuatta \u00f6ng\u00f6r\u00fclen saklama s\u00fcrelerine<\/li>\n<\/ul>\n<p>uygun olarak saklanmakta; bu s\u00fcrelerin sona ermesini m\u00fcteakip KVKK ve ilgili ikincil mevzuat ile \u015eirket\u2019in Ki\u015fisel Veri Saklama ve \u0130mha Politikas\u0131 uyar\u0131nca silinmekte, yok edilmekte veya anonim h\u00e2le getirilmektedir.<\/p>\n<h3>8. KVKK Kapsam\u0131ndaki Haklar\u0131n\u0131z ve Ba\u015fvuru Yollar\u0131<\/h3>\n<p>KVKK\u2019n\u0131n 11. maddesi uyar\u0131nca \u015eirket\u2019e ba\u015fvurarak ki\u015fisel verileriniz hakk\u0131nda a\u015fa\u011f\u0131daki haklara sahipsiniz:<\/p>\n<ul>\n<li>&#8211; Ki\u015fisel verilerinizin i\u015flenip i\u015flenmedi\u011fini \u00f6\u011frenme,<\/li>\n<li>&#8211; Ki\u015fisel verileriniz i\u015flenmi\u015fse buna ili\u015fkin bilgi talep etme,<\/li>\n<li>&#8211; Ki\u015fisel verilerinizin i\u015flenme amac\u0131n\u0131 ve bunlar\u0131n amac\u0131na uygun kullan\u0131l\u0131p kullan\u0131lmad\u0131\u011f\u0131n\u0131 \u00f6\u011frenme,<\/li>\n<li>&#8211; Yurt i\u00e7inde veya yurt d\u0131\u015f\u0131nda ki\u015fisel verilerinizin aktar\u0131ld\u0131\u011f\u0131 \u00fc\u00e7\u00fcnc\u00fc ki\u015fileri bilme,<\/li>\n<li>&#8211; Ki\u015fisel verilerinizin eksik veya yanl\u0131\u015f i\u015flenmi\u015f olmas\u0131 h\u00e2linde bunlar\u0131n d\u00fczeltilmesini isteme,<\/li>\n<li>&#8211; KVKK\u2019n\u0131n 7. maddesinde \u00f6ng\u00f6r\u00fclen \u015fartlar \u00e7er\u00e7evesinde ki\u015fisel verilerinizin silinmesini veya yok edilmesini isteme,<\/li>\n<li>&#8211; D\u00fczeltme, silme veya yok etme i\u015flemlerinin ki\u015fisel verilerinizin aktar\u0131ld\u0131\u011f\u0131 \u00fc\u00e7\u00fcnc\u00fc ki\u015filere bildirilmesini talep etme,<\/li>\n<li>&#8211; \u0130\u015flenen verilerinizin m\u00fcnhas\u0131ran otomatik sistemler vas\u0131tas\u0131yla analiz edilmesi suretiyle aleyhinize bir sonucun ortaya \u00e7\u0131kmas\u0131na itiraz etme,<\/li>\n<li>&#8211; Ki\u015fisel verilerinizin kanuna ayk\u0131r\u0131 olarak i\u015flenmesi sebebiyle zarara u\u011framan\u0131z h\u00e2linde zarar\u0131n giderilmesini talep etme.<\/li>\n<\/ul>\n<p>\u0130lgili ki\u015fi, \u015eirket\u2019e sa\u011flad\u0131\u011f\u0131 ki\u015fisel verilerin do\u011fru ve g\u00fcncel olmas\u0131ndan sorumludur. Bu kapsamda, bilgilerinizde de\u011fi\u015fiklik olmas\u0131 h\u00e2linde bunlar\u0131 g\u00fcncellemeniz, haklar\u0131n\u0131z\u0131 etkin kullanabilmeniz ve \u015eirket\u2019in y\u00fck\u00fcml\u00fcl\u00fcklerini yerine getirebilmesi a\u00e7\u0131s\u0131ndan \u00f6nem ta\u015f\u0131maktad\u0131r.<\/p>\n<p>Ba\u015fvurular\u0131n\u0131z\u0131, KVKK ve Veri Sorumlusuna Ba\u015fvuru Usul ve Esaslar\u0131 Hakk\u0131nda Tebli\u011f\u2019e uygun olarak;<\/p>\n<ul>\n<li>&#8211; Yaz\u0131l\u0131 ve \u0131slak imzal\u0131 dilek\u00e7e ile \u201cEmirgazi Mahallesi No:1 Kahramankazan \/ Ankara \u2013 T\u00fcrkiye\u201d adresine,<\/li>\n<li>&#8211; Kimli\u011finizi tespit edebilece\u011fimiz di\u011fer y\u00f6ntemler ve ileride \u015eirket taraf\u0131ndan duyurulabilecek ba\u015fvuru kanallar\u0131 \u00fczerinden<\/li>\n<\/ul>\n<p>\u015eirket\u2019e iletebilirsiniz.<br \/>\nBa\u015fvurular\u0131n\u0131z, niteli\u011fine g\u00f6re en k\u0131sa s\u00fcrede ve her h\u00e2l\u00fck\u00e2rda en ge\u00e7 otuz (30) g\u00fcn i\u00e7inde sonu\u00e7land\u0131r\u0131lacak; yan\u0131tlar\u0131m\u0131z yaz\u0131l\u0131 veya elektronik ortamda taraf\u0131n\u0131za iletilecektir. Ba\u015fvurunuzun ayr\u0131ca bir maliyet gerektirmesi h\u00e2linde, Ki\u015fisel Verileri Koruma Kurulu\u2019nca belirlenen tarifedeki \u00fccret esas al\u0131n\u0131r.<\/p>\n<h3>9. Y\u00fcr\u00fcrl\u00fck ve G\u00fcncellemeler<\/h3>\n<p>Bu Ayd\u0131nlatma Metni, Site\u2019de yay\u0131mland\u0131\u011f\u0131 tarihte y\u00fcr\u00fcrl\u00fc\u011fe girer.<br \/>\n\u015eirket, mevzuat ve veri i\u015fleme faaliyetlerindeki de\u011fi\u015fikliklere ba\u011fl\u0131 olarak bu metinde her zaman de\u011fi\u015fiklik yapma hakk\u0131n\u0131 sakl\u0131 tutar. G\u00fcncel metne her zaman Site \u00fczerinden eri\u015febilirsiniz.<\/p>\n<\/section>\n","protected":false},"excerpt":{"rendered":"<p>M\u0130MYAP YAPI END\u00dcSTR\u0130 \u0130N\u015eAAT TAAHH\u00dcT MAK\u0130NE \u00c7EL\u0130K SAN. VE T\u0130C. A.\u015e. Web Sitesi Ziyaret\u00e7ileri, \u0130leti\u015fim ve Kariyer Formu Kapsam\u0131nda Ki\u015fisel Verilerin \u0130\u015flenmesine \u0130li\u015fkin Ayd\u0131nlatma Metni Veri sorumlusu MimYap Yap\u0131 End\u00fcstri \u0130n\u015faat Taahh\u00fct Makine \u00c7elik San. ve Tic. A.\u015e. (\u201c\u015eirket\u201d veya \u201cMimYap\u201d) olarak, mimyap.com.tr alan adl\u0131 internet sitemizi (\u201cSite\u201d) ziyaretiniz ve Site \u00fczerinde yer alan \u201c\u0130leti\u015fim\u201d [&hellip;]<\/p>\n","protected":false},"author":1,"featured_media":0,"parent":0,"menu_order":0,"comment_status":"closed","ping_status":"closed","template":"","meta":{"_acf_changed":false,"footnotes":""},"class_list":["post-3","page","type-page","status-publish","hentry"],"acf":[],"_links":{"self":[{"href":"https:\/\/mimyapcontracting.com\/tr\/wp-json\/wp\/v2\/pages\/3","targetHints":{"allow":["GET"]}}],"collection":[{"href":"https:\/\/mimyapcontracting.com\/tr\/wp-json\/wp\/v2\/pages"}],"about":[{"href":"https:\/\/mimyapcontracting.com\/tr\/wp-json\/wp\/v2\/types\/page"}],"author":[{"embeddable":true,"href":"https:\/\/mimyapcontracting.com\/tr\/wp-json\/wp\/v2\/users\/1"}],"replies":[{"embeddable":true,"href":"https:\/\/mimyapcontracting.com\/tr\/wp-json\/wp\/v2\/comments?post=3"}],"version-history":[{"count":8,"href":"https:\/\/mimyapcontracting.com\/tr\/wp-json\/wp\/v2\/pages\/3\/revisions"}],"predecessor-version":[{"id":2320,"href":"https:\/\/mimyapcontracting.com\/tr\/wp-json\/wp\/v2\/pages\/3\/revisions\/2320"}],"wp:attachment":[{"href":"https:\/\/mimyapcontracting.com\/tr\/wp-json\/wp\/v2\/media?parent=3"}],"curies":[{"name":"wp","href":"https:\/\/api.w.org\/{rel}","templated":true}]}}