{"id":40,"date":"2019-10-24T07:48:46","date_gmt":"2019-10-24T07:48:46","guid":{"rendered":"https:\/\/mimyap.popup.com.tr\/?page_id=40"},"modified":"2025-11-20T10:29:05","modified_gmt":"2025-11-20T07:29:05","slug":"home","status":"publish","type":"page","link":"https:\/\/mimyapcontracting.com\/tr\/","title":{"rendered":"MimYap"},"content":{"rendered":"<div class=\"wpb-content-wrapper\"><p>[vc_section bg_position=&#8221;right bottom&#8221; css=&#8221;.vc_custom_1763056532258{padding-top: 150px !important;padding-bottom: 40px !important;background: #FFFFFF url(https:\/\/mimyapcontracting.com\/wp-content\/uploads\/2025\/11\/slider-bg.png?id=1234) !important;background-position: 0 0 !important;background-repeat: no-repeat !important;}&#8221; el_class=&#8221;bg-custom&#8221;][vc_row][vc_column css=&#8221;.vc_custom_1763153148397{background-position: center !important;background-repeat: no-repeat !important;background-size: cover !important;}&#8221;]\n\t\t\t\t<p class=\"rs-p-wp-fix\"><\/p>\n\t\t\t\t<sr7-module data-alias=\"slider-tr\" data-id=\"4\" id=\"SR7_4_1\" class=\"rs-ov-hidden\" data-version=\"6.7.38\">\n\t\t\t\t\t<sr7-adjuster><\/sr7-adjuster>\n\t\t\t\t\t<sr7-content>\n\t\t\t\t\t\t<sr7-slide id=\"SR7_4_1-7\" data-key=\"7\">\n\t\t\t\t\t\t\t<sr7-bg id=\"SR7_4_1-7-5\" class=\"sr7-layer\"><noscript><img decoding=\"async\" src=\"https:\/\/mimyap.com.tr\/wp-content\/uploads\/2025\/11\/slider-alt.jpg\" alt=\"\" title=\"slider-alt\"><\/noscript><\/sr7-bg>\n\t\t\t\t\t\t\t<sr7-txt id=\"SR7_4_1-7-2\" class=\"sr7-layer\">35 YILI A\u015eKIN<\/sr7-txt>\n\t\t\t\t\t\t\t<sr7-txt id=\"SR7_4_1-7-3\" class=\"sr7-layer\">tecr\u00fcbe<\/sr7-txt>\n\t\t\t\t\t\t\t<sr7-txt id=\"SR7_4_1-7-4\" class=\"sr7-layer\"><a class=\"button has-arrow\" href=\"\/tr\/projelerimiz\/\">Projelerimizi Ke\u015ffedin<\/a><\/sr7-txt>\n\t\t\t\t\t\t<\/sr7-slide>\n\t\t\t\t\t\t<sr7-slide id=\"SR7_4_1-10\" data-key=\"10\">\n\t\t\t\t\t\t\t<sr7-txt id=\"SR7_4_1-10-0\" class=\"sr7-layer\">1\/3<\/sr7-txt>\n\t\t\t\t\t\t<\/sr7-slide>\n\t\t\t\t\t<\/sr7-content>\n\t\t\t\t\t<image_lists style=\"display:none\">\n\t\t\t\t\t\t<img data-src=\"\/\/mimyap.popup.com.tr\/wp-content\/uploads\/2025\/11\/slider-alt.jpg\" width=\"0\" height=\"0\" data-dbsrc=\"Ly9taW15YXAucG9wdXAuY29tLnRyL3dwLWNvbnRlbnQvdXBsb2Fkcy8yMDI1LzExL3NsaWRlci1hbHQuanBn\"\/>\n\t\t\t\t\t\t<img data-src=\"\/\/mimyap.com.tr\/wp-content\/uploads\/2025\/11\/slider-alt.jpg\" data-libid=\"1948\" data-lib=\"medialibrary\" title=\"slider-alt\" width=\"0\" height=\"0\" data-dbsrc=\"Ly9taW15YXAuY29tLnRyL3dwLWNvbnRlbnQvdXBsb2Fkcy8yMDI1LzExL3NsaWRlci1hbHQuanBn\"\/>\n\t\t\t\t\t\t<img data-src=\"\/\/mimyap.popup.com.tr\/wp-content\/uploads\/revslider\/slider-1\/4-slider.jpg\" width=\"0\" height=\"0\" data-dbsrc=\"Ly9taW15YXAucG9wdXAuY29tLnRyL3dwLWNvbnRlbnQvdXBsb2Fkcy9yZXZzbGlkZXIvc2xpZGVyLTEvNC1zbGlkZXIuanBn\"\/>\n\t\t\t\t\t\t<img data-src=\"\/\/mimyap.popup.com.tr\/wp-content\/uploads\/revslider\/slider-1\/slider.jpg\" width=\"0\" height=\"0\" data-dbsrc=\"Ly9taW15YXAucG9wdXAuY29tLnRyL3dwLWNvbnRlbnQvdXBsb2Fkcy9yZXZzbGlkZXIvc2xpZGVyLTEvc2xpZGVyLmpwZw==\"\/>\n\t\t\t\t\t<\/image_lists>\n\t\t\t\t<\/sr7-module>\n\t\t\t\t<script>\n\t\t\t\t\tSR7.PMH ??={}; SR7.PMH[\"SR7_4_1\"] = {cn:100,state:false,fn: function() { if (_tpt!==undefined && _tpt.prepareModuleHeight !== undefined) {  _tpt.prepareModuleHeight({id:\"SR7_4_1\",el:[650,650,768,960,720],type:'standard',shdw:'7',gh:[650,650,440,334,206],gw:[1512,1512,1024,778,480],vpt:['-100px'],size:{fullWidth:false, fullHeight:false},mh:'0',onh:0,onw:0,bg:{color:'{\"orig\":\"transparent\",\"type\":\"solid\",\"string\":\"transparent\"}',image:{src:'https:\/\/mimyap.popup.com.tr\/wp-content\/uploads\/2025\/11\/slider-alt.jpg',size:'',position:'center 0%',repeat:''}},plType:'1',plColor:'#feeb35'});   SR7.PMH[\"SR7_4_1\"].state=true;} else if(SR7.PMH[\"SR7_4_1\"].cn-->0)\tsetTimeout( SR7.PMH[\"SR7_4_1\"].fn,19);}};SR7.PMH[\"SR7_4_1\" ].fn();\n\t\t\t\t<\/script>\n[vc_empty_space height=&#8221;40px&#8221;][\/vc_column][\/vc_row][\/vc_section][vc_section section_style=&#8221;shape-1&#8243; css=&#8221;.vc_custom_1763107161007{padding-top: 80px !important;background-color: #026EA626 !important;}&#8221; el_class=&#8221;fix-shape&#8221;][vc_row][vc_column offset=&#8221;vc_col-lg-2 vc_col-md-1 vc_hidden-sm vc_hidden-xs&#8221;][\/vc_column][vc_column offset=&#8221;vc_col-lg-8 vc_col-md-10&#8243;][vc_custom_heading text=&#8221;altyap\u0131da g\u00fc\u00e7, \u00fcstyap\u0131da kalite,<br \/>\nher a\u015famada \u00e7\u00f6z\u00fcm&#8221; font_container=&#8221;tag:h2|font_size:36px|text_align:center|color:%23026EA6|line_height:44px&#8221; use_theme_fonts=&#8221;yes&#8221; css=&#8221;&#8221;][vc_empty_space height=&#8221;15px&#8221;][vc_column_text css=&#8221;&#8221;]<\/p>\n<p style=\"text-align: center;\"><span style=\"color: #7f7f7f;\"><a class=\"link has-arrow\" style=\"color: #7f7f7f;\" href=\"https:\/\/mimyapcontracting.com\/tr\/hizmetlerimiz\/\">hizmetlerimizi ke\u015ffedin<\/a><\/span><\/p>\n<p>[\/vc_column_text][vc_empty_space height=&#8221;45px&#8221;][\/vc_column][vc_column width=&#8221;1\/6&#8243; offset=&#8221;vc_col-lg-2 vc_col-md-1 vc_hidden-sm vc_hidden-xs&#8221;][\/vc_column][\/vc_row][vc_row][vc_column]<!-- BEGIN: .elements-carousel -->\n<div class=\"elements-carousel   \" data-config=\"{&quot;items&quot;:2,&quot;itemsTablet&quot;:[1200,2],&quot;itemsMobile&quot;:[544,1],&quot;center&quot;:false,&quot;autoPlay&quot;:false,&quot;stopOnHover&quot;:true,&quot;mouseDrag&quot;:true,&quot;touchDrag&quot;:true,&quot;responsive&quot;:true,&quot;scrollPerPage&quot;:false,&quot;slideSpeed&quot;:200,&quot;paginationSpeed&quot;:200,&quot;rewindSpeed&quot;:200,&quot;navigation&quot;:true,&quot;rewindNav&quot;:false,&quot;pagination&quot;:true,&quot;paginationNumbers&quot;:true,&quot;dragBeforeAnimFinish&quot;:true,&quot;addClassActive&quot;:true,&quot;autoHeight&quot;:true,&quot;navigationText&quot;:[&quot;Previous&quot;,&quot;Next&quot;],&quot;itemsScaleUp&quot;:true}\">\n\t<div class=\"elements-carousel-wrap\">\n\t\t\n<!-- BEGIN .imagebox -->\n<div class=\"imagebox   \">\n\t\t\t<a class=\"box-image\" href=\"\/tr\/hizmetlerimiz\/#kapsam\" target=\"_self\">\n\t\t\t<img decoding=\"async\" class=\"\" src=\"https:\/\/mimyapcontracting.com\/wp-content\/uploads\/2025\/11\/altyapi-1280x710.jpg\" width=\"1280\" height=\"710\" alt=\"altyapi\" title=\"altyapi\" loading=\"lazy\" \/>\t\t\t\t\t\t\t<h3 class=\"box-title\">\t\t\n\t\t\t\t\t<span>Altyap\u0131<\/span>\n\t\t\t\t\t\t\t\t\t<\/h3>\n\t\t\t\t\n\t\t<\/a>\n\n\t\t\n\t\t\t\t\n\t<\/div>\n<!-- End .imagebox -->\n\n<!-- BEGIN .imagebox -->\n<div class=\"imagebox   \">\n\t\t\t<a class=\"box-image\" href=\"\/tr\/hizmetlerimiz\/#kapsam\" target=\"_self\">\n\t\t\t<img decoding=\"async\" class=\"\" src=\"https:\/\/mimyapcontracting.com\/wp-content\/uploads\/2025\/11\/ustyapi-2-1280x710.webp\" width=\"1280\" height=\"710\" alt=\"ustyapi\" title=\"ustyapi\" loading=\"lazy\" \/>\t\t\t\t\t\t\t<h3 class=\"box-title\">\t\t\n\t\t\t\t\t<span>\u00dcstyap\u0131<\/span>\n\t\t\t\t\t\t\t\t\t<\/h3>\n\t\t\t\t\n\t\t<\/a>\n\n\t\t\n\t\t\t\t\n\t<\/div>\n<!-- End .imagebox -->\n\n<!-- BEGIN .imagebox -->\n<div class=\"imagebox   \">\n\t\t\t<a class=\"box-image\" href=\"\/tr\/hizmetlerimiz\/#kapsam\" target=\"_self\">\n\t\t\t<img decoding=\"async\" class=\"\" src=\"https:\/\/mimyapcontracting.com\/wp-content\/uploads\/2025\/11\/elektromekanil-1280x710.webp\" width=\"1280\" height=\"710\" alt=\"elektromekanil\" title=\"elektromekanil\" loading=\"lazy\" \/>\t\t\t\t\t\t\t<h3 class=\"box-title\">\t\t\n\t\t\t\t\t<span>Elektromekanik<\/span>\n\t\t\t\t\t\t\t\t\t<\/h3>\n\t\t\t\t\n\t\t<\/a>\n\n\t\t\n\t\t\t\t\n\t<\/div>\n<!-- End .imagebox -->\n\n<!-- BEGIN .imagebox -->\n<div class=\"imagebox   \">\n\t\t\t<a class=\"box-image\" href=\"\/tr\/hizmetlerimiz\/#kapsam\" target=\"_self\">\n\t\t\t<img decoding=\"async\" class=\"\" src=\"https:\/\/mimyapcontracting.com\/wp-content\/uploads\/2025\/11\/konut-ticari-1280x710.jpg\" width=\"1280\" height=\"710\" alt=\"konut-ticari\" title=\"konut-ticari\" loading=\"lazy\" \/>\t\t\t\t\t\t\t<h3 class=\"box-title\">\t\t\n\t\t\t\t\t<span>Konut &amp;<br \/>\nTicari Yap\u0131<\/span>\n\t\t\t\t\t\t\t\t\t<\/h3>\n\t\t\t\t\n\t\t<\/a>\n\n\t\t\n\t\t\t\t\n\t<\/div>\n<!-- End .imagebox -->\n\t<\/div>\n<\/div>\n<!-- END: .elements-carousel -->\n[\/vc_column][\/vc_row][\/vc_section][vc_section css=&#8221;.vc_custom_1763155515517{padding-top: 70px !important;padding-bottom: 40px !important;background-color: #F2F2F2 !important;}&#8221;][vc_row][vc_column][vc_column_text css=&#8221;&#8221;]<\/p>\n<p>&nbsp;<\/p>\n<h3 style=\"font-size: 24px; margin: 0px; display: inline; color: #2f73aa;\">Taahh\u00fcd\u00fcm\u00fcz.<\/h3>\n<p style=\"display: inline;\"><span style=\"color: #7f7f7f;\"><a class=\"link\" style=\"color: #7f7f7f; font-size: 16px;\" href=\"https:\/\/mimyapcontracting.com\/tr\/kurumsal\/\" target=\"_blank\" rel=\"noopener noreferrer\">mimyap&#8217;\u0131 ke\u015ffedin<\/a><\/span><\/p>\n<p>[\/vc_column_text][vc_empty_space height=&#8221;40px&#8221;][vc_raw_html css=&#8221;&#8221;]JTNDc2VjdGlvbiUyMGNsYXNzJTNEJTIybWltLWNvbW1pdG1lbnRzJTIyJTNFJTBBJTIwJTIwJTNDZGl2JTIwY2xhc3MlM0QlMjJtaW0tY29tbWl0bWVudHMtZ3JpZCUyMiUzRSUwQSUwQSUyMCUyMCUyMCUyMCUzQ2RpdiUyMGNsYXNzJTNEJTIybWltLWNvbW1pdG1lbnRzLWl0ZW0lMjIlM0UlMEElMjAlMjAlMjAlMjAlMjAlMjAlM0NzcGFuJTIwY2xhc3MlM0QlMjJtaW0tY29tbWl0bWVudHMtaWNvbiUyMiUzRSUzQyUyRnNwYW4lM0UlMEElMjAlMjAlMjAlMjAlMjAlMjAlM0NzcGFuJTIwY2xhc3MlM0QlMjJtaW0tY29tbWl0bWVudHMtdGV4dCUyMiUzRSUwQSUyMCUyMCUyMCUyMCUyMCUyMCUyMCUyMFlhcCVDNCVCMXNhbCUyMEclQzMlQkN2ZW5saWslMjB2ZSUyMERheWFuJUM0JUIxa2wlQzQlQjFsJUM0JUIxayUwQSUyMCUyMCUyMCUyMCUyMCUyMCUzQyUyRnNwYW4lM0UlMEElMjAlMjAlMjAlMjAlM0MlMkZkaXYlM0UlMEElMEElMjAlMjAlMjAlMjAlM0NkaXYlMjBjbGFzcyUzRCUyMm1pbS1jb21taXRtZW50cy1pdGVtJTIyJTNFJTBBJTIwJTIwJTIwJTIwJTIwJTIwJTNDc3BhbiUyMGNsYXNzJTNEJTIybWltLWNvbW1pdG1lbnRzLWljb24lMjIlM0UlM0MlMkZzcGFuJTNFJTBBJTIwJTIwJTIwJTIwJTIwJTIwJTNDc3BhbiUyMGNsYXNzJTNEJTIybWltLWNvbW1pdG1lbnRzLXRleHQlMjIlM0UlMEElMjAlMjAlMjAlMjAlMjAlMjAlMjAlMjBaYW1hbiVDNCVCMW5kYSUyMFRlc2xpbSUwQSUyMCUyMCUyMCUyMCUyMCUyMCUzQyUyRnNwYW4lM0UlMEElMjAlMjAlMjAlMjAlM0MlMkZkaXYlM0UlMEElMEElMjAlMjAlMjAlMjAlM0NkaXYlMjBjbGFzcyUzRCUyMm1pbS1jb21taXRtZW50cy1pdGVtJTIyJTNFJTBBJTIwJTIwJTIwJTIwJTIwJTIwJTNDc3BhbiUyMGNsYXNzJTNEJTIybWltLWNvbW1pdG1lbnRzLWljb24lMjIlM0UlM0MlMkZzcGFuJTNFJTBBJTIwJTIwJTIwJTIwJTIwJTIwJTNDc3BhbiUyMGNsYXNzJTNEJTIybWltLWNvbW1pdG1lbnRzLXRleHQlMjIlM0UlMEElMjAlMjAlMjAlMjAlMjAlMjAlMjAlMjBNJUMzJUJDJUM1JTlGdGVyaSUyME1lbW51bml5ZXRpJTBBJTIwJTIwJTIwJTIwJTIwJTIwJTNDJTJGc3BhbiUzRSUwQSUyMCUyMCUyMCUyMCUzQyUyRmRpdiUzRSUwQSUwQSUyMCUyMCUyMCUyMCUzQ2RpdiUyMGNsYXNzJTNEJTIybWltLWNvbW1pdG1lbnRzLWl0ZW0lMjIlM0UlMEElMjAlMjAlMjAlMjAlMjAlMjAlM0NzcGFuJTIwY2xhc3MlM0QlMjJtaW0tY29tbWl0bWVudHMtaWNvbiUyMiUzRSUzQyUyRnNwYW4lM0UlMEElMjAlMjAlMjAlMjAlMjAlMjAlM0NzcGFuJTIwY2xhc3MlM0QlMjJtaW0tY29tbWl0bWVudHMtdGV4dCUyMiUzRSUwQSUyMCUyMCUyMCUyMCUyMCUyMCUyMCUyMERpc2lwbGlubGVyYXJhcyVDNCVCMSUyMFV5dW0lMEElMjAlMjAlMjAlMjAlMjAlMjAlM0MlMkZzcGFuJTNFJTBBJTIwJTIwJTIwJTIwJTNDJTJGZGl2JTNFJTBBJTBBJTIwJTIwJTIwJTIwJTNDZGl2JTIwY2xhc3MlM0QlMjJtaW0tY29tbWl0bWVudHMtaXRlbSUyMiUzRSUwQSUyMCUyMCUyMCUyMCUyMCUyMCUzQ3NwYW4lMjBjbGFzcyUzRCUyMm1pbS1jb21taXRtZW50cy1pY29uJTIyJTNFJTNDJTJGc3BhbiUzRSUwQSUyMCUyMCUyMCUyMCUyMCUyMCUzQ3NwYW4lMjBjbGFzcyUzRCUyMm1pbS1jb21taXRtZW50cy10ZXh0JTIyJTNFJTBBJTIwJTIwJTIwJTIwJTIwJTIwJTIwJTIwU29ydW1sdWx1ayUyMHZlJTIwRXRpayUyMERlJUM0JTlGZXJsZXIlMEElMjAlMjAlMjAlMjAlMjAlMjAlM0MlMkZzcGFuJTNFJTBBJTIwJTIwJTIwJTIwJTNDJTJGZGl2JTNFJTBBJTBBJTIwJTIwJTIwJTIwJTNDZGl2JTIwY2xhc3MlM0QlMjJtaW0tY29tbWl0bWVudHMtaXRlbSUyMiUzRSUwQSUyMCUyMCUyMCUyMCUyMCUyMCUzQ3NwYW4lMjBjbGFzcyUzRCUyMm1pbS1jb21taXRtZW50cy1pY29uJTIyJTNFJTNDJTJGc3BhbiUzRSUwQSUyMCUyMCUyMCUyMCUyMCUyMCUzQ3NwYW4lMjBjbGFzcyUzRCUyMm1pbS1jb21taXRtZW50cy10ZXh0JTIyJTNFJTBBJTIwJTIwJTIwJTIwJTIwJTIwJTIwJTIwUyVDMyVCQ3JkJUMzJUJDciVDMyVCQ2xlYmlsaXIlMjBHZWxlY2VrJTBBJTIwJTIwJTIwJTIwJTIwJTIwJTNDJTJGc3BhbiUzRSUwQSUyMCUyMCUyMCUyMCUzQyUyRmRpdiUzRSUwQSUwQSUyMCUyMCUzQyUyRmRpdiUzRSUwQSUzQyUyRnNlY3Rpb24lM0U=[\/vc_raw_html][\/vc_column][\/vc_row][vc_row][vc_column][vc_raw_html css=&#8221;&#8221;]JTNDc2VjdGlvbiUyMGNsYXNzJTNEJTIybWltLXN0YXRzLXYyJTIyJTNFJTBBJTIwJTIwJTNDZGl2JTIwY2xhc3MlM0QlMjJtaW0tc3RhdHMtdjItZ3JpZCUyMiUzRSUwQSUwQSUyMCUyMCUyMCUyMCUzQyUyMS0tJTIwMS4lMjBLYXJ0JTIwJUUyJTgwJTkzJTIwVGVjciVDMyVCQ2JlJTIwLS0lM0UlMEElMjAlMjAlMjAlMjAlM0NhcnRpY2xlJTIwY2xhc3MlM0QlMjJtaW0tc3RhdC12MiUyMG1pbS1zdGF0LXYyLS1wcmltYXJ5JTIwbWltLWNvdW50ZXIlMjIlMjBkYXRhLXRhcmdldCUzRCUyMjM4JTIyJTNFJTBBJTIwJTIwJTIwJTIwJTIwJTIwJTNDZGl2JTIwY2xhc3MlM0QlMjJtaW0tc3RhdC12Mi1pbm5lciUyMiUzRSUwQSUyMCUyMCUyMCUyMCUyMCUyMCUyMCUyMCUzQ2RpdiUyMGNsYXNzJTNEJTIybWltLXN0YXQtdjItaWNvbiUyMiUzRSUwQSUyMCUyMCUyMCUyMCUyMCUyMCUyMCUyMCUyMCUyMCUzQ2ltZyUwQSUyMCUyMCUyMCUyMCUyMCUyMCUyMCUyMCUyMCUyMCUyMCUyMHNyYyUzRCUyMiUyRndwLWNvbnRlbnQlMkZ1cGxvYWRzJTJGMjAyNSUyRjExJTJGaGFuZHNoYWtlLXBhcnRuZXJzaGlwLWljb24uc3ZnJTIyJTBBJTIwJTIwJTIwJTIwJTIwJTIwJTIwJTIwJTIwJTIwJTIwJTIwYWx0JTNEJTIyJUMzJTg3JUMzJUI2eiVDMyVCQ20lMjB2ZSUyMGRlbmV5aW0lMjBpa29udSUyMiUwQSUyMCUyMCUyMCUyMCUyMCUyMCUyMCUyMCUyMCUyMCUyMCUyMGxvYWRpbmclM0QlMjJsYXp5JTIyJTBBJTIwJTIwJTIwJTIwJTIwJTIwJTIwJTIwJTIwJTIwJTNFJTBBJTIwJTIwJTIwJTIwJTIwJTIwJTIwJTIwJTNDJTJGZGl2JTNFJTBBJTBBJTIwJTIwJTIwJTIwJTIwJTIwJTIwJTIwJTNDZGl2JTIwY2xhc3MlM0QlMjJtaW0tc3RhdC12Mi1tYWluJTIyJTNFJTBBJTIwJTIwJTIwJTIwJTIwJTIwJTIwJTIwJTIwJTIwJTNDc3BhbiUyMGNsYXNzJTNEJTIybWltLWNvdW50ZXItdmFsdWUlMjIlM0UwJTNDJTJGc3BhbiUzRSUwQSUyMCUyMCUyMCUyMCUyMCUyMCUyMCUyMCUyMCUyMCUzQ3NwYW4lMjBjbGFzcyUzRCUyMm1pbS1zdGF0LXYyLXVuaXQlMjIlM0V5JUM0JUIxbCUzQyUyRnNwYW4lM0UlMEElMjAlMjAlMjAlMjAlMjAlMjAlMjAlMjAlM0MlMkZkaXYlM0UlMEElMEElMjAlMjAlMjAlMjAlMjAlMjAlMjAlMjAlM0NwJTIwY2xhc3MlM0QlMjJtaW0tc3RhdC12Mi10ZXh0JTIyJTNFJTBBJTIwJTIwJTIwJTIwJTIwJTIwJTIwJTIwJTIwJTIwdGVjciVDMyVCQ2JlJTBBJTIwJTIwJTIwJTIwJTIwJTIwJTIwJTIwJTNDJTJGcCUzRSUwQSUyMCUyMCUyMCUyMCUyMCUyMCUzQyUyRmRpdiUzRSUwQSUyMCUyMCUyMCUyMCUzQyUyRmFydGljbGUlM0UlMEElMEElMjAlMjAlMjAlMjAlM0MlMjEtLSUyMDIuJTIwS2FydCUyMCVFMiU4MCU5MyUyMFByb2plJTIwLS0lM0UlMEElMjAlMjAlMjAlMjAlM0NhcnRpY2xlJTIwY2xhc3MlM0QlMjJtaW0tc3RhdC12MiUyMG1pbS1zdGF0LXYyLS1zZWNvbmRhcnklMjBtaW0tY291bnRlciUyMiUyMGRhdGEtdGFyZ2V0JTNEJTIyNTAwJTIyJTNFJTBBJTIwJTIwJTIwJTIwJTIwJTIwJTNDZGl2JTIwY2xhc3MlM0QlMjJtaW0tc3RhdC12Mi1pbm5lciUyMiUzRSUwQSUyMCUyMCUyMCUyMCUyMCUyMCUyMCUyMCUzQ2RpdiUyMGNsYXNzJTNEJTIybWltLXN0YXQtdjItaWNvbiUyMiUzRSUwQSUyMCUyMCUyMCUyMCUyMCUyMCUyMCUyMCUyMCUyMCUzQ2ltZyUwQSUyMCUyMCUyMCUyMCUyMCUyMCUyMCUyMCUyMCUyMCUyMCUyMHNyYyUzRCUyMiUyRndwLWNvbnRlbnQlMkZ1cGxvYWRzJTJGMjAyNSUyRjExJTJGcHV6emxlLXBpZWNlcy1zb2x1dGlvbi1pY29uLTEuc3ZnJTIyJTBBJTIwJTIwJTIwJTIwJTIwJTIwJTIwJTIwJTIwJTIwJTIwJTIwYWx0JTNEJTIyUHJvamUlMjBpa29udSUyMiUwQSUyMCUyMCUyMCUyMCUyMCUyMCUyMCUyMCUyMCUyMCUyMCUyMGxvYWRpbmclM0QlMjJsYXp5JTIyJTBBJTIwJTIwJTIwJTIwJTIwJTIwJTIwJTIwJTIwJTIwJTNFJTBBJTIwJTIwJTIwJTIwJTIwJTIwJTIwJTIwJTNDJTJGZGl2JTNFJTBBJTBBJTIwJTIwJTIwJTIwJTIwJTIwJTIwJTIwJTNDZGl2JTIwY2xhc3MlM0QlMjJtaW0tc3RhdC12Mi1tYWluJTIyJTNFJTBBJTIwJTIwJTIwJTIwJTIwJTIwJTIwJTIwJTIwJTIwJTNDc3BhbiUyMGNsYXNzJTNEJTIybWltLWNvdW50ZXItdmFsdWUlMjIlM0UwJTNDJTJGc3BhbiUzRSUwQSUyMCUyMCUyMCUyMCUyMCUyMCUyMCUyMCUyMCUyMCUzQ3NwYW4lMjBjbGFzcyUzRCUyMm1pbS1zdGF0LXYyLXVuaXQlMjIlM0UlMkIlM0MlMkZzcGFuJTNFJTBBJTIwJTIwJTIwJTIwJTIwJTIwJTIwJTIwJTNDJTJGZGl2JTNFJTBBJTBBJTIwJTIwJTIwJTIwJTIwJTIwJTIwJTIwJTNDcCUyMGNsYXNzJTNEJTIybWltLXN0YXQtdjItdGV4dCUyMiUzRSUwQSUyMCUyMCUyMCUyMCUyMCUyMCUyMCUyMCUyMCUyMHByb2plJTBBJTIwJTIwJTIwJTIwJTIwJTIwJTIwJTIwJTNDJTJGcCUzRSUwQSUyMCUyMCUyMCUyMCUyMCUyMCUzQyUyRmRpdiUzRSUwQSUyMCUyMCUyMCUyMCUzQyUyRmFydGljbGUlM0UlMEElMEElMjAlMjAlMjAlMjAlM0MlMjEtLSUyMDMuJTIwS2FydCUyMCVFMiU4MCU5MyUyMCVDMyU4NyVDMyVCNnolQzMlQkNtJTIwT3J0YSVDNCU5RiVDNCVCMSUyMC0tJTNFJTBBJTIwJTIwJTIwJTIwJTNDYXJ0aWNsZSUyMGNsYXNzJTNEJTIybWltLXN0YXQtdjIlMjBtaW0tc3RhdC12Mi0tc2Vjb25kYXJ5JTIwbWltLWNvdW50ZXIlMjIlMjBkYXRhLXRhcmdldCUzRCUyMjEwMCUyMiUzRSUwQSUyMCUyMCUyMCUyMCUyMCUyMCUzQ2RpdiUyMGNsYXNzJTNEJTIybWltLXN0YXQtdjItaW5uZXIlMjIlM0UlMEElMjAlMjAlMjAlMjAlMjAlMjAlMjAlMjAlM0NkaXYlMjBjbGFzcyUzRCUyMm1pbS1zdGF0LXYyLWljb24lMjIlM0UlMEElMjAlMjAlMjAlMjAlMjAlMjAlMjAlMjAlMjAlMjAlM0NpbWclMEElMjAlMjAlMjAlMjAlMjAlMjAlMjAlMjAlMjAlMjAlMjAlMjBzcmMlM0QlMjIlMkZ3cC1jb250ZW50JTJGdXBsb2FkcyUyRjIwMjUlMkYxMSUyRnByb2plY3QtZG9jdW1lbnQtZm9sZGVyLWljb24tMS5zdmclMjIlMEElMjAlMjAlMjAlMjAlMjAlMjAlMjAlMjAlMjAlMjAlMjAlMjBhbHQlM0QlMjIlQzQlQjAlQzUlOUYlMjBvcnRha2wlQzQlQjElQzQlOUYlQzQlQjElMjBpa29udSUyMiUwQSUyMCUyMCUyMCUyMCUyMCUyMCUyMCUyMCUyMCUyMCUyMCUyMGxvYWRpbmclM0QlMjJsYXp5JTIyJTBBJTIwJTIwJTIwJTIwJTIwJTIwJTIwJTIwJTIwJTIwJTNFJTBBJTIwJTIwJTIwJTIwJTIwJTIwJTIwJTIwJTNDJTJGZGl2JTNFJTBBJTBBJTIwJTIwJTIwJTIwJTIwJTIwJTIwJTIwJTNDZGl2JTIwY2xhc3MlM0QlMjJtaW0tc3RhdC12Mi1tYWluJTIyJTNFJTBBJTIwJTIwJTIwJTIwJTIwJTIwJTIwJTIwJTIwJTIwJTNDc3BhbiUyMGNsYXNzJTNEJTIybWltLWNvdW50ZXItdmFsdWUlMjIlM0UwJTNDJTJGc3BhbiUzRSUwQSUyMCUyMCUyMCUyMCUyMCUyMCUyMCUyMCUyMCUyMCUzQ3NwYW4lMjBjbGFzcyUzRCUyMm1pbS1zdGF0LXYyLXVuaXQlMjIlM0UlMkIlM0MlMkZzcGFuJTNFJTBBJTIwJTIwJTIwJTIwJTIwJTIwJTIwJTIwJTNDJTJGZGl2JTNFJTBBJTBBJTIwJTIwJTIwJTIwJTIwJTIwJTIwJTIwJTNDcCUyMGNsYXNzJTNEJTIybWltLXN0YXQtdjItdGV4dCUyMiUzRSUwQSUyMCUyMCUyMCUyMCUyMCUyMCUyMCUyMCUyMCUyMCVDMyVBNyVDMyVCNnolQzMlQkNtJTIwb3J0YSVDNCU5RiVDNCVCMSUwQSUyMCUyMCUyMCUyMCUyMCUyMCUyMCUyMCUzQyUyRnAlM0UlMEElMjAlMjAlMjAlMjAlMjAlMjAlM0MlMkZkaXYlM0UlMEElMjAlMjAlMjAlMjAlM0MlMkZhcnRpY2xlJTNFJTBBJTBBJTIwJTIwJTNDJTJGZGl2JTNFJTBBJTNDJTJGc2VjdGlvbiUzRQ==[\/vc_raw_html][\/vc_column][\/vc_row][\/vc_section][vc_section css=&#8221;.vc_custom_1578991212631{padding-top: 80px !important;}&#8221;][vc_row content_placement=&#8221;bottom&#8221; css=&#8221;.vc_custom_1577346374548{margin-bottom: 35px !important;}&#8221;][vc_column width=&#8221;8\/12&#8243;][vc_custom_heading text=&#8221;Ulusal ve uluslararas\u0131 \u00f6l\u00e7ekte ba\u015far\u0131yla tamamlad\u0131\u011f\u0131m\u0131z<br \/>\nprojelerimizden yaln\u0131zca birka\u00e7\u0131\u2026&#8221; font_container=&#8221;tag:h2|font_size:40px|text_align:left|color:%23026EA6|line_height:44px&#8221; use_theme_fonts=&#8221;yes&#8221; css=&#8221;&#8221;][vc_empty_space height=&#8221;20px&#8221;][\/vc_column][vc_column width=&#8221;1\/12&#8243;][\/vc_column][vc_column width=&#8221;3\/12&#8243;][vc_column_text css=&#8221;&#8221;]<\/p>\n<p style=\"text-align: center;\"><span style=\"color: #7f7f7f;\"><a class=\"link has-arrow\" style=\"color: #7f7f7f;\" href=\"https:\/\/mimyapcontracting.com\/tr\/projelerimiz\/\">projelerimize g\u00f6z at\u0131n<\/a><\/span><\/p>\n<p>[\/vc_column_text][vc_empty_space height=&#8221;25px&#8221;][\/vc_column][\/vc_row][vc_row][vc_column][project-carousel limit=&#8221;12&#8243; offset=&#8221;0&#8243; readmore=&#8221;no&#8221; items=&#8221;3&#8243; controls=&#8221;navigation,pagination,pagination-numbers&#8221; scroll_page=&#8221;no&#8221; centered=&#8221;yes&#8221; autoplay_speed=&#8221;5000&#8243; slide_speed=&#8221;200&#8243; pagination_speed=&#8221;200&#8243; rewind_speed=&#8221;200&#8243; tablet_items=&#8221;2&#8243; mobile_items=&#8221;1&#8243; thumbnail_size=&#8221;full&#8221; tags=&#8221;93&#8243;][\/vc_column][\/vc_row][\/vc_section]<\/p>\n<\/div>","protected":false},"excerpt":{"rendered":"<p>[vc_section bg_position=&#8221;right bottom&#8221; css=&#8221;.vc_custom_1763056532258{padding-top: 150px !important;padding-bottom: 40px !important;background: #FFFFFF url(https:\/\/mimyapcontracting.com\/wp-content\/uploads\/2025\/11\/slider-bg.png?id=1234) !important;background-position: 0 0 !important;background-repeat: no-repeat !important;}&#8221; el_class=&#8221;bg-custom&#8221;][vc_row][vc_column css=&#8221;.vc_custom_1763153148397{background-position: center !important;background-repeat: no-repeat !important;background-size: cover !important;}&#8221;][vc_empty_space height=&#8221;40px&#8221;][\/vc_column][\/vc_row][\/vc_section][vc_section section_style=&#8221;shape-1&#8243; css=&#8221;.vc_custom_1763107161007{padding-top: 80px !important;background-color: #026EA626 !important;}&#8221; el_class=&#8221;fix-shape&#8221;][vc_row][vc_column offset=&#8221;vc_col-lg-2 vc_col-md-1 vc_hidden-sm vc_hidden-xs&#8221;][\/vc_column][vc_column offset=&#8221;vc_col-lg-8 vc_col-md-10&#8243;][vc_custom_heading text=&#8221;altyap\u0131da g\u00fc\u00e7, \u00fcstyap\u0131da kalite, her a\u015famada \u00e7\u00f6z\u00fcm&#8221; font_container=&#8221;tag:h2|font_size:36px|text_align:center|color:%23026EA6|line_height:44px&#8221; use_theme_fonts=&#8221;yes&#8221; css=&#8221;&#8221;][vc_empty_space height=&#8221;15px&#8221;][vc_column_text css=&#8221;&#8221;] hizmetlerimizi ke\u015ffedin [\/vc_column_text][vc_empty_space height=&#8221;45px&#8221;][\/vc_column][vc_column width=&#8221;1\/6&#8243; [&hellip;]<\/p>\n","protected":false},"author":1,"featured_media":0,"parent":0,"menu_order":0,"comment_status":"closed","ping_status":"closed","template":"tmpl\/template-fullwidth.php","meta":{"_acf_changed":false,"footnotes":""},"class_list":["post-40","page","type-page","status-publish","hentry"],"acf":[],"_links":{"self":[{"href":"https:\/\/mimyapcontracting.com\/tr\/wp-json\/wp\/v2\/pages\/40","targetHints":{"allow":["GET"]}}],"collection":[{"href":"https:\/\/mimyapcontracting.com\/tr\/wp-json\/wp\/v2\/pages"}],"about":[{"href":"https:\/\/mimyapcontracting.com\/tr\/wp-json\/wp\/v2\/types\/page"}],"author":[{"embeddable":true,"href":"https:\/\/mimyapcontracting.com\/tr\/wp-json\/wp\/v2\/users\/1"}],"replies":[{"embeddable":true,"href":"https:\/\/mimyapcontracting.com\/tr\/wp-json\/wp\/v2\/comments?post=40"}],"version-history":[{"count":90,"href":"https:\/\/mimyapcontracting.com\/tr\/wp-json\/wp\/v2\/pages\/40\/revisions"}],"predecessor-version":[{"id":2526,"href":"https:\/\/mimyapcontracting.com\/tr\/wp-json\/wp\/v2\/pages\/40\/revisions\/2526"}],"wp:attachment":[{"href":"https:\/\/mimyapcontracting.com\/tr\/wp-json\/wp\/v2\/media?parent=40"}],"curies":[{"name":"wp","href":"https:\/\/api.w.org\/{rel}","templated":true}]}}